{"id":5268,"date":"2015-06-12T12:36:40","date_gmt":"2015-06-12T12:36:40","guid":{"rendered":"http:\/\/dummy.wedesignthemes.com\/veda\/model\/?page_id=5"},"modified":"2025-04-08T09:59:20","modified_gmt":"2025-04-08T09:59:20","slug":"orens-paris","status":"publish","type":"page","link":"https:\/\/new.orensparfums.com\/fr\/orens-paris\/","title":{"rendered":"Orens Paris"},"content":{"rendered":"<div class=\"wpb-content-wrapper\"><div data-vc-full-width=\"true\" data-vc-full-width-temp=\"true\" data-vc-full-width-init=\"false\" data-vc-stretch-content=\"true\" class=\"vc_row wpb_row vc_row-fluid bkg-img-left vc_custom_1744106337171 vc_row-has-fill vc_row-no-padding vc_row-o-content-middle vc_row-flex\"><div class=\"rs_col-sm-12 wpb_column vc_column_container vc_col-sm-6\"><div class=\"vc_column-inner\"><div class=\"wpb_wrapper\"><div class=\"vc_row wpb_row vc_inner vc_row-fluid\"><div class=\"wpb_column vc_column_container vc_col-sm-4\"><div class=\"vc_column-inner\"><div class=\"wpb_wrapper\"><\/div><\/div><\/div><div class=\"rs_col-sm-12 wpb_column vc_column_container vc_col-sm-8 vc_col-lg-8 vc_col-md-12\"><div class=\"vc_column-inner vc_custom_1458050113452\"><div class=\"wpb_wrapper\"><h2 style=\"text-align: left\" class=\"vc_custom_heading vc_do_custom_heading wpb_animate_when_almost_visible wpb_fadeInUp fadeInUp\" >Le monde est vaste.<\/h2><div class=\"vc_separator wpb_content_element vc_separator_align_center vc_sep_width_100 vc_sep_pos_align_center vc_separator_no_text vc_sep_color_orange wpb_content_element  wpb_content_element\" ><span class=\"vc_sep_holder vc_sep_holder_l\"><span class=\"vc_sep_line\"><\/span><\/span><span class=\"vc_sep_holder vc_sep_holder_r\"><span class=\"vc_sep_line\"><\/span><\/span>\n<\/div>\n\t<div class=\"wpb_text_column wpb_content_element wpb_animate_when_almost_visible wpb_fadeInLeft fadeInLeft vc_custom_1527681353338\" >\n\t\t<div class=\"wpb_wrapper\">\n\t\t\t<p style=\"font-size: 22px; font-style: italic; line-height: 40px;\">Lorsque le sort choisit de faire se rencontrer certaines personnes en un m\u00eame lieu \u00e0 un moment pr\u00e9cis, c\u2019est sans doute qu\u2019elles partagent un objectif ou une vocation. Anim\u00e9es par une \u00e9nergie ou un \u00e9tat d\u2019esprit similaire, elles sont r\u00e9unies autour de valeurs, d\u2019id\u00e9es ou d\u2019ambitions communes. Cette v\u00e9rit\u00e9, mille fois \u00e9tablie au fil des si\u00e8cles, a marqu\u00e9 l\u2019histoire avec les plus belles passions jamais v\u00e9cues et les plus grands r\u00eaves jamais r\u00e9alis\u00e9s.<\/p>\n\n\t\t<\/div>\n\t<\/div>\n<\/div><\/div><\/div><\/div><\/div><\/div><\/div><div class=\"rs_col-sm-12 wpb_animate_when_almost_visible wpb_fadeInRight fadeInRight wpb_column vc_column_container vc_col-sm-6\"><div class=\"vc_column-inner\"><div class=\"wpb_wrapper\">\n\t<div  class=\"wpb_single_image wpb_content_element vc_align_left wpb_content_element\">\n\t\t\n\t\t<figure class=\"wpb_wrapper vc_figure\">\n\t\t\t<div class=\"vc_single_image-wrapper   vc_box_border_grey\"><img decoding=\"async\" class=\"vc_single_image-img\" src=\"https:\/\/new.orensparfums.com\/wp-content\/uploads\/2022\/07\/Collection-3-450x427.jpg\" width=\"450\" height=\"427\" alt=\"Collection 3\" title=\"Collection 3\" \/><\/div>\n\t\t<\/figure>\n\t<\/div>\n<\/div><\/div><\/div><\/div><div class=\"vc_row-full-width vc_clearfix\"><\/div><div class=\"vc_row wpb_row vc_row-fluid\"><div class=\"wpb_column vc_column_container vc_col-sm-12\"><div class=\"vc_column-inner\"><div class=\"wpb_wrapper\"><\/div><\/div><\/div><\/div><div data-vc-full-width=\"true\" data-vc-full-width-temp=\"true\" data-vc-full-width-init=\"false\" class=\"vc_row wpb_row vc_row-fluid vcr_float_right vc_custom_1527682386169 vc_row-has-fill\"><div class=\"wpb_column vc_column_container vc_col-sm-12\"><div class=\"vc_column-inner\"><div class=\"wpb_wrapper\"><div class=\"vc_separator wpb_content_element vc_separator_align_center vc_sep_width_100 vc_sep_pos_align_center vc_separator_no_text vc_sep_color_orange wpb_content_element  wpb_content_element\" ><span class=\"vc_sep_holder vc_sep_holder_l\"><span class=\"vc_sep_line\"><\/span><\/span><span class=\"vc_sep_holder vc_sep_holder_r\"><span class=\"vc_sep_line\"><\/span><\/span>\n<\/div><h2 style=\"text-align: left\" class=\"vc_custom_heading vc_do_custom_heading wpb_animate_when_almost_visible wpb_fadeInUp fadeInUp\" >R\u00e9sonnant de pays en pays<\/h2><\/div><\/div><\/div><\/div><div class=\"vc_row-full-width vc_clearfix\"><\/div><div data-vc-full-width=\"true\" data-vc-full-width-temp=\"true\" data-vc-full-width-init=\"false\" class=\"vc_row wpb_row vc_row-fluid vcr_float_right vc_custom_1658146795320 vc_row-has-fill vc_row-o-content-middle vc_row-flex\"><div class=\"wpb_animate_when_almost_visible wpb_fadeInLeft fadeInLeft wpb_column vc_column_container vc_col-sm-6\"><div class=\"vc_column-inner\"><div class=\"wpb_wrapper\">\n\t<div  class=\"wpb_single_image wpb_content_element vc_align_left wpb_content_element\">\n\t\t\n\t\t<figure class=\"wpb_wrapper vc_figure\">\n\t\t\t<div class=\"vc_single_image-wrapper   vc_box_border_grey\"><img decoding=\"async\" width=\"600\" height=\"400\" src=\"https:\/\/new.orensparfums.com\/wp-content\/uploads\/2018\/12\/Undea-des-Iles-et-boussole-600x400.jpg\" class=\"vc_single_image-img attachment-medium\" alt=\"\" title=\"Undea-des-Iles-et-boussole\" srcset=\"https:\/\/new.orensparfums.com\/wp-content\/uploads\/2018\/12\/Undea-des-Iles-et-boussole-600x400.jpg 600w, https:\/\/new.orensparfums.com\/wp-content\/uploads\/2018\/12\/Undea-des-Iles-et-boussole-768x512.jpg 768w, https:\/\/new.orensparfums.com\/wp-content\/uploads\/2018\/12\/Undea-des-Iles-et-boussole-1024x682.jpg 1024w, https:\/\/new.orensparfums.com\/wp-content\/uploads\/2018\/12\/Undea-des-Iles-et-boussole-800x533.jpg 800w, https:\/\/new.orensparfums.com\/wp-content\/uploads\/2018\/12\/Undea-des-Iles-et-boussole.jpg 1280w\" sizes=\"(max-width: 600px) 100vw, 600px\" \/><\/div>\n\t\t<\/figure>\n\t<\/div>\n<\/div><\/div><\/div><div class=\"wpb_column vc_column_container vc_col-sm-6\"><div class=\"vc_column-inner\"><div class=\"wpb_wrapper\"><h4 style=\"text-align: left\" class=\"vc_custom_heading vc_do_custom_heading wpb_animate_when_almost_visible wpb_fadeInRight fadeInRight vc_custom_1527682564155\" >Un r\u00e9cit envo\u00fbtant de parfum et de voyage a trouv\u00e9 le moyen de transformer le rendez-vous d'une vie en exp\u00e9rience \u00e9ternelle pour les sens.<\/h4><div class=\"vc_empty_space\"   style=\"height: 20px\"><span class=\"vc_empty_space_inner\"><\/span><\/div>\n\t<div class=\"wpb_text_column wpb_content_element wpb_animate_when_almost_visible wpb_fadeInUp fadeInUp vc_custom_1652714998914\" >\n\t\t<div class=\"wpb_wrapper\">\n\t\t\t<p>On raconte que quatre professionnels ne se connaissant pas ont r\u00e9cemment entrepris quatre parcours de d\u00e9couverte distincts. Leur point commun ? La passion pour le parfum. Chacun de ces quatre experts \u2013 en d\u00e9veloppement, en design, en fragrance et en marketing \u2013 se donnait pour mission de trouver des r\u00e9ponses dans l\u2019univers de la parfumerie.<\/p>\n<p>Pour une raison ou une autre, la vie a choisi de faire se croiser leurs routes. Outre les aventures qu\u2019ils ont v\u00e9cues en chemin, ces quatre voyageurs ont partag\u00e9 leur passion et leur vaste connaissance des parfums, passant la nuit enti\u00e8re \u00e0 \u00e9voquer ensemble leurs aspirations et leurs projets. La parfumerie \u00e9tait au c\u0153ur de leurs \u00e9changes, jusqu\u2019\u00e0 ce que le nom \u00ab Orens \u00bb soit prononc\u00e9.<\/p>\n\n\t\t<\/div>\n\t<\/div>\n<\/div><\/div><\/div><\/div><div class=\"vc_row-full-width vc_clearfix\"><\/div><div class=\"vc_row wpb_row vc_row-fluid\"><div class=\"wpb_column vc_column_container vc_col-sm-12\"><div class=\"vc_column-inner\"><div class=\"wpb_wrapper\"><\/div><\/div><\/div><\/div><div data-vc-full-width=\"true\" data-vc-full-width-temp=\"true\" data-vc-full-width-init=\"false\" class=\"vc_row wpb_row vc_row-fluid vc_custom_1529239522185 vc_row-has-fill\"><div class=\"rs_col-sm-12 wpb_column vc_column_container vc_col-sm-8\"><div class=\"vc_column-inner\"><div class=\"wpb_wrapper\"><h2 style=\"text-align: left\" class=\"vc_custom_heading vc_do_custom_heading wpb_animate_when_almost_visible wpb_fadeInUp fadeInUp\" >\u201cOrens\u201d<\/h2><div class=\"vc_separator wpb_content_element vc_separator_align_center vc_sep_width_100 vc_sep_pos_align_center vc_separator_no_text vc_sep_color_orange wpb_content_element  wpb_content_element\" ><span class=\"vc_sep_holder vc_sep_holder_l\"><span class=\"vc_sep_line\"><\/span><\/span><span class=\"vc_sep_holder vc_sep_holder_r\"><span class=\"vc_sep_line\"><\/span><\/span>\n<\/div>\n\t<div class=\"wpb_text_column wpb_content_element wpb_animate_when_almost_visible wpb_fadeInLeft fadeInLeft\" >\n\t\t<div class=\"wpb_wrapper\">\n\t\t\t<p>Orens est une destination convoit\u00e9e par les plus grands voyageurs, et aucun de nos quatre aventuriers ne d\u00e9roge \u00e0 la r\u00e8gle. Jardin secret, renomm\u00e9 pour ses colonnes antiques et sa collection sans pareille de fleurs rares et plantes mystiques, le lointain Orens est recherch\u00e9 par d\u2019innombrables esprits curieux, mais peu d\u2019entre eux parviennent \u00e0 le d\u00e9couvrir.<\/p>\n<p>Or, les jours suivants, sur la route, nos quatre voyageurs ont per\u00e7u des signes impossibles \u00e0 ignorer. Le jardin d\u2019Orens semblait se manifester \u00e0 eux par touches subtiles sous des formes al\u00e9atoires. Au travers des indices qu\u2019ils d\u00e9celaient par hasard dans les lieux les plus inattendus ; par les anecdotes qui leur \u00e9taient cont\u00e9es au fil de leurs rencontres, le puzzle d\u2019Orens se constituait. Peu \u00e0 peu, les images de ce jardin parcouru de colonnes se dessinaient dans leur t\u00eate.<\/p>\n<p>Pris d\u2019une irr\u00e9sistible inspiration, ils n\u2019avaient qu\u2019une h\u00e2te : faire partager leurs d\u00e9couvertes captivantes et leur amour des senteurs avec le monde entier.<\/p>\n\n\t\t<\/div>\n\t<\/div>\n<\/div><\/div><\/div><div class=\"rs_col-sm-12 wpb_animate_when_almost_visible wpb_fadeInRight fadeInRight wpb_column vc_column_container vc_col-sm-4\"><div class=\"vc_column-inner\"><div class=\"wpb_wrapper\">\n\t<div  class=\"wpb_single_image wpb_content_element vc_align_left wpb_content_element\">\n\t\t\n\t\t<figure class=\"wpb_wrapper vc_figure\">\n\t\t\t<div class=\"vc_single_image-wrapper   vc_box_border_grey\"><img decoding=\"async\" width=\"1047\" height=\"698\" src=\"https:\/\/new.orensparfums.com\/wp-content\/uploads\/2022\/07\/Undea-2.jpg\" class=\"vc_single_image-img attachment-full\" alt=\"\" title=\"Undea 2\" srcset=\"https:\/\/new.orensparfums.com\/wp-content\/uploads\/2022\/07\/Undea-2.jpg 1047w, https:\/\/new.orensparfums.com\/wp-content\/uploads\/2022\/07\/Undea-2-600x400.jpg 600w, https:\/\/new.orensparfums.com\/wp-content\/uploads\/2022\/07\/Undea-2-1024x683.jpg 1024w, https:\/\/new.orensparfums.com\/wp-content\/uploads\/2022\/07\/Undea-2-768x512.jpg 768w, https:\/\/new.orensparfums.com\/wp-content\/uploads\/2022\/07\/Undea-2-800x533.jpg 800w\" sizes=\"(max-width: 1047px) 100vw, 1047px\" \/><\/div>\n\t\t<\/figure>\n\t<\/div>\n<\/div><\/div><\/div><\/div><div class=\"vc_row-full-width vc_clearfix\"><\/div><div data-vc-full-width=\"true\" data-vc-full-width-temp=\"true\" data-vc-full-width-init=\"false\" data-vc-stretch-content=\"true\" class=\"vc_row wpb_row vc_row-fluid vcr_float_right wpb_animate_when_almost_visible wpb_fadeInUp fadeInUp vc_custom_1529239504490 vc_row-has-fill vc_row-no-padding vc_row-o-content-middle vc_row-flex\"><div class=\"wpb_column vc_column_container vc_col-sm-12\"><div class=\"vc_column-inner\"><div class=\"wpb_wrapper\"><\/div><\/div><\/div><div class=\"rs_col-sm-12 wpb_column vc_column_container vc_col-sm-6\"><div class=\"vc_column-inner\"><div class=\"wpb_wrapper\"><div class=\"vc_row wpb_row vc_inner vc_row-fluid\"><div class=\"wpb_column vc_column_container vc_col-sm-4\"><div class=\"vc_column-inner\"><div class=\"wpb_wrapper\"><\/div><\/div><\/div><div class=\"rs_col-sm-12 wpb_column vc_column_container vc_col-sm-8 vc_col-lg-8 vc_col-md-12\"><div class=\"vc_column-inner vc_custom_1458050113452\"><div class=\"wpb_wrapper\"><h4 style=\"color: #896919;text-align: left\" class=\"vc_custom_heading vc_do_custom_heading wpb_animate_when_almost_visible wpb_fadeInRight fadeInRight\" >Ils d\u00e9cid\u00e8rent donc de conjuguer leurs savoir-faire et leur go\u00fbt pour la parfumerie pour recr\u00e9er Orens et le recueillir dans un flacon.<\/h4><\/div><\/div><\/div><\/div><\/div><\/div><\/div><div class=\"rs_col-sm-12 wpb_column vc_column_container vc_col-sm-6\"><div class=\"vc_column-inner\"><div class=\"wpb_wrapper\"><div class=\"vc_row wpb_row vc_inner vc_row-fluid\"><div class=\"rs_col-sm-12 wpb_column vc_column_container vc_col-sm-8 vc_col-lg-8 vc_col-md-12\"><div class=\"vc_column-inner vc_custom_1458050113452\"><div class=\"wpb_wrapper\">\n\t<div class=\"wpb_text_column wpb_content_element wpb_animate_when_almost_visible wpb_fadeInLeft fadeInLeft\" >\n\t\t<div class=\"wpb_wrapper\">\n\t\t\t<h3 style=\"font-size: 16px; font-style: italic; font-weight: normal; line-height: 30px;\">Un flacon qui rendrait hommage non seulement \u00e0 l\u2019univers de la parfumerie, mais aussi \u00e0 Orens, source d\u2019inspiration si singuli\u00e8re et charmante.<\/h3>\n<h3 style=\"font-size: 16px; font-style: italic; font-weight: normal; line-height: 30px;\">Un flacon qui retracerait, gr\u00e2ce \u00e0 l\u2019exceptionnel m\u00e9lange de senteurs qu\u2019il abrite, un tour du monde unique \u00e0 travers toutes les odeurs et tous les ar\u00f4mes que nos quatre voyageurs ont v\u00e9cus et aim\u00e9s.<\/h3>\n\n\t\t<\/div>\n\t<\/div>\n<\/div><\/div><\/div><div class=\"wpb_column vc_column_container vc_col-sm-4\"><div class=\"vc_column-inner\"><div class=\"wpb_wrapper\"><\/div><\/div><\/div><\/div><\/div><\/div><\/div><div class=\"wpb_column vc_column_container vc_col-sm-12\"><div class=\"vc_column-inner\"><div class=\"wpb_wrapper\"><\/div><\/div><\/div><\/div><div class=\"vc_row-full-width vc_clearfix\"><\/div><div class=\"vc_row wpb_row vc_row-fluid\"><div class=\"wpb_column vc_column_container vc_col-sm-12\"><div class=\"vc_column-inner\"><div class=\"wpb_wrapper\"><\/div><\/div><\/div><\/div><div data-vc-full-width=\"true\" data-vc-full-width-temp=\"true\" data-vc-full-width-init=\"false\" class=\"vc_row wpb_row vc_row-fluid vcr_float_right vc_custom_1529239487672 vc_row-has-fill\"><div class=\"wpb_animate_when_almost_visible wpb_fadeInLeft fadeInLeft wpb_column vc_column_container vc_col-sm-6\"><div class=\"vc_column-inner\"><div class=\"wpb_wrapper\">\n\t<div  class=\"wpb_single_image wpb_content_element vc_align_left wpb_content_element\">\n\t\t\n\t\t<figure class=\"wpb_wrapper vc_figure\">\n\t\t\t<div class=\"vc_single_image-wrapper   vc_box_border_grey\"><img decoding=\"async\" width=\"640\" height=\"427\" src=\"https:\/\/new.orensparfums.com\/wp-content\/uploads\/2022\/07\/Callis-1.jpg\" class=\"vc_single_image-img attachment-full\" alt=\"\" title=\"Callis 1\" srcset=\"https:\/\/new.orensparfums.com\/wp-content\/uploads\/2022\/07\/Callis-1.jpg 640w, https:\/\/new.orensparfums.com\/wp-content\/uploads\/2022\/07\/Callis-1-600x400.jpg 600w\" sizes=\"(max-width: 640px) 100vw, 640px\" \/><\/div>\n\t\t<\/figure>\n\t<\/div>\n<\/div><\/div><\/div><div class=\"wpb_column vc_column_container vc_col-sm-6\"><div class=\"vc_column-inner\"><div class=\"wpb_wrapper\"><h4 style=\"text-align: left\" class=\"vc_custom_heading vc_do_custom_heading wpb_animate_when_almost_visible wpb_fadeInRight fadeInRight vc_custom_1527683737105\" >C'est ainsi qu'a vu le jour le parfum Orens<\/h4><div class=\"vc_empty_space\"   style=\"height: 20px\"><span class=\"vc_empty_space_inner\"><\/span><\/div>\n\t<div class=\"wpb_text_column wpb_content_element wpb_animate_when_almost_visible wpb_fadeInUp fadeInUp vc_custom_1527683759108\" >\n\t\t<div class=\"wpb_wrapper\">\n\t\t\t<p>Envelopp\u00e9 dans un luxueux \u00e9crin tubulaire qui rappelle la forme des colonnes du jardin \u00e9ponyme.<\/p>\n<p>Fruit du r\u00eave de voyageurs passionn\u00e9s, Orens est pr\u00e9sent\u00e9 dans un superbe flacon aux atours \u00e9l\u00e9gants, qui en fait un symbole \u00e9ternel du d\u00e9sir de voir le monde, facile \u00e0 emporter partout avec soi.<\/p>\n\n\t\t<\/div>\n\t<\/div>\n<h2 style=\"text-align: left\" class=\"vc_custom_heading vc_do_custom_heading wpb_animate_when_almost_visible wpb_fadeInRight fadeInRight\" >Orens, cr\u00e9ez votre propre jardin!<\/h2><\/div><\/div><\/div><\/div><div class=\"vc_row-full-width vc_clearfix\"><\/div>\n<\/div>","protected":false},"excerpt":{"rendered":"The world is a wide place. When it handpicks specific individuals to meet in a specific place at a specific [...]","protected":false},"author":1,"featured_media":0,"parent":0,"menu_order":0,"comment_status":"closed","ping_status":"closed","template":"","meta":{"site-sidebar-layout":"no-sidebar","site-content-layout":"plain-container","ast-site-content-layout":"default","site-content-style":"default","site-sidebar-style":"default","ast-global-header-display":"","ast-banner-title-visibility":"","ast-main-header-display":"","ast-hfb-above-header-display":"","ast-hfb-below-header-display":"","ast-hfb-mobile-header-display":"","site-post-title":"disabled","ast-breadcrumbs-content":"","ast-featured-img":"disabled","footer-sml-layout":"","ast-disable-related-posts":"","theme-transparent-header-meta":"default","adv-header-id-meta":"","stick-header-meta":"default","header-above-stick-meta":"","header-main-stick-meta":"","header-below-stick-meta":"","astra-migrate-meta-layouts":"set","ast-page-background-enabled":"default","ast-page-background-meta":{"desktop":{"background-color":"var(--ast-global-color-5)","background-image":"","background-repeat":"repeat","background-position":"center center","background-size":"auto","background-attachment":"scroll","background-type":"","background-media":"","overlay-type":"","overlay-color":"","overlay-opacity":"","overlay-gradient":""},"tablet":{"background-color":"","background-image":"","background-repeat":"repeat","background-position":"center center","background-size":"auto","background-attachment":"scroll","background-type":"","background-media":"","overlay-type":"","overlay-color":"","overlay-opacity":"","overlay-gradient":""},"mobile":{"background-color":"","background-image":"","background-repeat":"repeat","background-position":"center center","background-size":"auto","background-attachment":"scroll","background-type":"","background-media":"","overlay-type":"","overlay-color":"","overlay-opacity":"","overlay-gradient":""}},"ast-content-background-meta":{"desktop":{"background-color":"var(--ast-global-color-4)","background-image":"","background-repeat":"repeat","background-position":"center center","background-size":"auto","background-attachment":"scroll","background-type":"","background-media":"","overlay-type":"","overlay-color":"","overlay-opacity":"","overlay-gradient":""},"tablet":{"background-color":"var(--ast-global-color-4)","background-image":"","background-repeat":"repeat","background-position":"center center","background-size":"auto","background-attachment":"scroll","background-type":"","background-media":"","overlay-type":"","overlay-color":"","overlay-opacity":"","overlay-gradient":""},"mobile":{"background-color":"var(--ast-global-color-4)","background-image":"","background-repeat":"repeat","background-position":"center center","background-size":"auto","background-attachment":"scroll","background-type":"","background-media":"","overlay-type":"","overlay-color":"","overlay-opacity":"","overlay-gradient":""}},"footnotes":""},"class_list":["post-5268","page","type-page","status-publish","hentry"],"_links":{"self":[{"href":"https:\/\/new.orensparfums.com\/fr\/wp-json\/wp\/v2\/pages\/5268","targetHints":{"allow":["GET"]}}],"collection":[{"href":"https:\/\/new.orensparfums.com\/fr\/wp-json\/wp\/v2\/pages"}],"about":[{"href":"https:\/\/new.orensparfums.com\/fr\/wp-json\/wp\/v2\/types\/page"}],"author":[{"embeddable":true,"href":"https:\/\/new.orensparfums.com\/fr\/wp-json\/wp\/v2\/users\/1"}],"replies":[{"embeddable":true,"href":"https:\/\/new.orensparfums.com\/fr\/wp-json\/wp\/v2\/comments?post=5268"}],"version-history":[{"count":37,"href":"https:\/\/new.orensparfums.com\/fr\/wp-json\/wp\/v2\/pages\/5268\/revisions"}],"predecessor-version":[{"id":6790,"href":"https:\/\/new.orensparfums.com\/fr\/wp-json\/wp\/v2\/pages\/5268\/revisions\/6790"}],"wp:attachment":[{"href":"https:\/\/new.orensparfums.com\/fr\/wp-json\/wp\/v2\/media?parent=5268"}],"curies":[{"name":"wp","href":"https:\/\/api.w.org\/{rel}","templated":true}]}}