{"id":5447,"date":"2018-05-28T17:33:19","date_gmt":"2018-05-28T17:33:19","guid":{"rendered":"https:\/\/new.orensparfums.com\/?page_id=5447"},"modified":"2025-04-08T10:31:57","modified_gmt":"2025-04-08T10:31:57","slug":"kadou","status":"publish","type":"page","link":"https:\/\/new.orensparfums.com\/fr\/kadou\/","title":{"rendered":"KADOU"},"content":{"rendered":"<div class=\"wpb-content-wrapper\"><div data-vc-full-width=\"true\" data-vc-full-width-temp=\"true\" data-vc-full-width-init=\"false\" data-vc-stretch-content=\"true\" class=\"vc_row wpb_row vc_row-fluid bkg-img-left vc_custom_1744108095520 vc_row-has-fill vc_row-no-padding vc_row-o-content-middle vc_row-flex\"><div class=\"rs_col-sm-12 wpb_column vc_column_container vc_col-sm-6\"><div class=\"vc_column-inner\"><div class=\"wpb_wrapper\"><div class=\"vc_row wpb_row vc_inner vc_row-fluid\"><div class=\"wpb_column vc_column_container vc_col-sm-4\"><div class=\"vc_column-inner\"><div class=\"wpb_wrapper\"><\/div><\/div><\/div><div class=\"rs_col-sm-12 wpb_column vc_column_container vc_col-sm-8 vc_col-lg-8 vc_col-md-12\"><div class=\"vc_column-inner vc_custom_1458050113452\"><div class=\"wpb_wrapper\"><h2 style=\"text-align: left\" class=\"vc_custom_heading vc_do_custom_heading wpb_animate_when_almost_visible wpb_fadeInUp fadeInUp\" >KADOU<\/h2><div class=\"vc_separator wpb_content_element vc_separator_align_center vc_sep_width_100 vc_sep_pos_align_center vc_separator_no_text vc_sep_color_orange wpb_content_element  wpb_content_element\" ><span class=\"vc_sep_holder vc_sep_holder_l\"><span class=\"vc_sep_line\"><\/span><\/span><span class=\"vc_sep_holder vc_sep_holder_r\"><span class=\"vc_sep_line\"><\/span><\/span>\n<\/div>\n\t<div class=\"wpb_text_column wpb_content_element wpb_animate_when_almost_visible wpb_fadeInLeft fadeInLeft vc_custom_1527681336917\" >\n\t\t<div class=\"wpb_wrapper\">\n\t\t\t<p>Quel autre savant m\u00e9lange pouvons-nous tirer du jardin myst\u00e9rieux d\u2019Orens, si ce n\u2019est celui de ses fleurs d\u2019exception ?<br \/>\nEt pourquoi ne pas chercher \u00e0 les r\u00e9unir en un bouquet unique ?<br \/>\nLa collection Kadou rend hommage \u00e0 toutes les fleurs rencontr\u00e9es dans le jardin magique d\u2019Orens. Leur reine, la Rose, se trouve grav\u00e9e symboliquement sur toute la collection.<br \/>\nKadou, c\u2019est une collection o\u00f9 vibre un bouquet floral cueilli sur le sentier qui parcourt le jardin. L\u2019Iris noble et le muguet timide se m\u00ealent \u00e0 une rose d\u00e9licate, tandis que l\u2019Orient r\u00e9sonne dans l\u2019harmonieuse union entre le patchouli, les bois de santal et de c\u00e8dre.<\/p>\n\n\t\t<\/div>\n\t<\/div>\n<\/div><\/div><\/div><\/div><\/div><\/div><\/div><div class=\"rs_col-sm-12 wpb_animate_when_almost_visible wpb_fadeInRight fadeInRight wpb_column vc_column_container vc_col-sm-6\"><div class=\"vc_column-inner vc_custom_1542367698029\"><div class=\"wpb_wrapper\">\n\t<div  class=\"wpb_single_image wpb_content_element vc_align_left wpb_content_element\">\n\t\t\n\t\t<figure class=\"wpb_wrapper vc_figure\">\n\t\t\t<div class=\"vc_single_image-wrapper   vc_box_border_grey\"><img decoding=\"async\" width=\"1044\" height=\"1566\" src=\"https:\/\/new.orensparfums.com\/wp-content\/uploads\/2018\/12\/Kadou-Collection-Not-cropped-72dpi-1.jpg\" class=\"vc_single_image-img attachment-full\" alt=\"\" title=\"Kadou Collection\" srcset=\"https:\/\/new.orensparfums.com\/wp-content\/uploads\/2018\/12\/Kadou-Collection-Not-cropped-72dpi-1.jpg 1044w, https:\/\/new.orensparfums.com\/wp-content\/uploads\/2018\/12\/Kadou-Collection-Not-cropped-72dpi-1-400x600.jpg 400w, https:\/\/new.orensparfums.com\/wp-content\/uploads\/2018\/12\/Kadou-Collection-Not-cropped-72dpi-1-768x1152.jpg 768w, https:\/\/new.orensparfums.com\/wp-content\/uploads\/2018\/12\/Kadou-Collection-Not-cropped-72dpi-1-683x1024.jpg 683w, https:\/\/new.orensparfums.com\/wp-content\/uploads\/2018\/12\/Kadou-Collection-Not-cropped-72dpi-1-800x1200.jpg 800w\" sizes=\"(max-width: 1044px) 100vw, 1044px\" \/><\/div>\n\t\t<\/figure>\n\t<\/div>\n<\/div><\/div><\/div><\/div><div class=\"vc_row-full-width vc_clearfix\"><\/div><div class=\"vc_row wpb_row vc_row-fluid\"><div class=\"wpb_column vc_column_container vc_col-sm-12\"><div class=\"vc_column-inner\"><div class=\"wpb_wrapper\"><\/div><\/div><\/div><\/div><div data-vc-full-width=\"true\" data-vc-full-width-temp=\"true\" data-vc-full-width-init=\"false\" class=\"vc_row wpb_row vc_row-fluid vcr_float_right vc_custom_1530776923882 vc_row-has-fill\"><div class=\"dt-sc-model-container wpb_column vc_column_container vc_col-sm-12\"><div class=\"vc_column-inner\"><div class=\"wpb_wrapper\"><div class=\"vc_row wpb_row vc_inner vc_row-fluid\"><div class=\"wpb_column vc_column_container vc_col-sm-4\"><div class=\"vc_column-inner\"><div class=\"wpb_wrapper\"><\/div><\/div><\/div><div class=\"wpb_column vc_column_container vc_col-sm-8\"><div class=\"vc_column-inner\"><div class=\"wpb_wrapper\"><h4 style=\"text-align: left\" class=\"vc_custom_heading vc_do_custom_heading wpb_animate_when_almost_visible wpb_fadeInRight fadeInRight\" >La Collection<\/h4><div class=\"vc_separator wpb_content_element vc_separator_align_center vc_sep_width_100 vc_sep_pos_align_center vc_separator_no_text vc_sep_color_orange wpb_content_element  wpb_content_element\" ><span class=\"vc_sep_holder vc_sep_holder_l\"><span class=\"vc_sep_line\"><\/span><\/span><span class=\"vc_sep_holder vc_sep_holder_r\"><span class=\"vc_sep_line\"><\/span><\/span>\n<\/div><\/div><\/div><\/div><\/div>\n\t<div class=\"wpb_text_column wpb_content_element wpb_animate_when_almost_visible wpb_fadeInUp fadeInUp\" >\n\t\t<div class=\"wpb_wrapper\">\n\t\t\t\t\t\t<div class=\"wpb_slider_area wpb_fix_cart\">\r\n\r\n\t\t\t\t\r\n\t\t\t\t<div class=\"wpb-woo-products-slider owl-carousel owl-theme grid cs-style-3 woocommerce wpb-wps-product-type-category\" data-autoplay=\"true\" data-hoverpause=\"true\" data-sliderloop=\"true\" data-navigation=\"false\" data-slideby=\"1\" data-pagination=\"true\" data-items=\"3\" data-desktopsmall=\"3\" data-tablet=\"2\" data-mobile=\"1\" data-direction=\"false\" >\r\n\r\n\t\t\t\t\t\t\t\t\t\t\t\t\t<div class=\"wpb-wps-slider-item post-5639 product type-product status-publish has-post-thumbnail product_cat-kadou desktop-align-center tablet-align-left mobile-align-left ast-product-gallery-layout-horizontal-slider ast-product-single-variable ast-product-tabs-layout-horizontal first instock shipping-taxable purchasable product-type-variable has-default-attributes\">\r\n\t\t\t\t\t\t\t\t\t<figure>\r\n\t\t\t\t\t\t\t\t\t\t\t\t\t\t\t\t\t\t\t\t\r\n\t\t\t\t\t\t\t\t\t\t\t\t\t\t\t\t\t\t\t\t\r\n\t\t\t\t\t\t\t\t\t\t<a href=\"https:\/\/new.orensparfums.com\/fr\/produit\/moire-de-kalha\/\" class=\"wpb_pro_img_url\">\r\n\t\t\t\t\t\t\t\t\t\t\t<img decoding=\"async\" width=\"600\" height=\"600\" src=\"https:\/\/new.orensparfums.com\/wp-content\/uploads\/2018\/05\/Flacon-Moir\u00e9-de-Kalha-ouvert-600x600.jpg\" class=\"attachment-woocommerce_thumbnail size-woocommerce_thumbnail\" alt=\"Moir\u00e9 de Kalha\" srcset=\"https:\/\/new.orensparfums.com\/wp-content\/uploads\/2018\/05\/Flacon-Moir\u00e9-de-Kalha-ouvert-600x600.jpg 600w, https:\/\/new.orensparfums.com\/wp-content\/uploads\/2018\/05\/Flacon-Moir\u00e9-de-Kalha-ouvert-800x800.jpg 800w, https:\/\/new.orensparfums.com\/wp-content\/uploads\/2018\/05\/Flacon-Moir\u00e9-de-Kalha-ouvert-150x150.jpg 150w, https:\/\/new.orensparfums.com\/wp-content\/uploads\/2018\/05\/Flacon-Moir\u00e9-de-Kalha-ouvert-768x768.jpg 768w, https:\/\/new.orensparfums.com\/wp-content\/uploads\/2018\/05\/Flacon-Moir\u00e9-de-Kalha-ouvert-1024x1024.jpg 1024w, https:\/\/new.orensparfums.com\/wp-content\/uploads\/2018\/05\/Flacon-Moir\u00e9-de-Kalha-ouvert-100x100.jpg 100w, https:\/\/new.orensparfums.com\/wp-content\/uploads\/2018\/05\/Flacon-Moir\u00e9-de-Kalha-ouvert.jpg 2000w\" sizes=\"(max-width: 600px) 100vw, 600px\" \/>\t\t\t\t\t\t\t\t\t\t<\/a>\r\n\t\t\t\t\t\t\t\t\t\t<figcaption>\r\n\r\n\t\t\t\t\t\t\t\t\t\t\t\r\n\t\t\t\t\t\t\t\t\t\t\t<a href=\"https:\/\/new.orensparfums.com\/fr\/produit\/moire-de-kalha\/\" class=\"wpb-wps-product-title\">\r\n\t\t\t\t\t\t\t\t\t\t\t\t<h3 class=\"pro_title\">Le Moir\u00e9 de Kalha<\/h3>\t\t\t\t\t\t\t\t\t\t\t<\/a>\r\n\r\n\t\t\t\t\t\t\t\t\t\t\t\r\n\t\t\t\t\t\t\t\t\t\t\t\r\n\t\t\t\t\t\t\t\t\t\t\t\r\n\t\t\t\t\t\t\t\t\t\t\t\r\n\t\t\t\t\t\t\t\t\t\t\t\r\n\t\t\t\t\t\t\t\t\t\t\t\r\n\t\t\t\t\t\t\t\t\t\t\t\r\n\t\t\t\t\t\t\t\t\t\t<\/figcaption>\r\n\t\t\t\t\t\t\t\t\t<\/figure>\r\n\t\t\t\t\t\t\t\t<\/div>\r\n\t\t\t\t\t\t\t\t\t\t\t\t\t\t\t\t<div class=\"wpb-wps-slider-item post-5682 product type-product status-publish has-post-thumbnail product_cat-kadou desktop-align-center tablet-align-left mobile-align-left ast-product-gallery-layout-horizontal-slider ast-product-single-variable ast-product-tabs-layout-horizontal  instock shipping-taxable purchasable product-type-variable\">\r\n\t\t\t\t\t\t\t\t\t<figure>\r\n\t\t\t\t\t\t\t\t\t\t\t\t\t\t\t\t\t\t\t\t\r\n\t\t\t\t\t\t\t\t\t\t\t\t\t\t\t\t\t\t\t\t\r\n\t\t\t\t\t\t\t\t\t\t<a href=\"https:\/\/new.orensparfums.com\/fr\/produit\/silenda-decume\/\" class=\"wpb_pro_img_url\">\r\n\t\t\t\t\t\t\t\t\t\t\t<img decoding=\"async\" width=\"600\" height=\"600\" src=\"https:\/\/new.orensparfums.com\/wp-content\/uploads\/2018\/05\/Flacon-Silenda-dEcume-ouvert-600x600.jpg\" class=\"attachment-woocommerce_thumbnail size-woocommerce_thumbnail\" alt=\"Silenda d\u2019Ecume\" srcset=\"https:\/\/new.orensparfums.com\/wp-content\/uploads\/2018\/05\/Flacon-Silenda-dEcume-ouvert-600x600.jpg 600w, https:\/\/new.orensparfums.com\/wp-content\/uploads\/2018\/05\/Flacon-Silenda-dEcume-ouvert-150x150.jpg 150w, https:\/\/new.orensparfums.com\/wp-content\/uploads\/2018\/05\/Flacon-Silenda-dEcume-ouvert-768x768.jpg 768w, https:\/\/new.orensparfums.com\/wp-content\/uploads\/2018\/05\/Flacon-Silenda-dEcume-ouvert-1024x1024.jpg 1024w, https:\/\/new.orensparfums.com\/wp-content\/uploads\/2018\/05\/Flacon-Silenda-dEcume-ouvert-800x800.jpg 800w, https:\/\/new.orensparfums.com\/wp-content\/uploads\/2018\/05\/Flacon-Silenda-dEcume-ouvert-100x100.jpg 100w, https:\/\/new.orensparfums.com\/wp-content\/uploads\/2018\/05\/Flacon-Silenda-dEcume-ouvert.jpg 2000w\" sizes=\"(max-width: 600px) 100vw, 600px\" \/>\t\t\t\t\t\t\t\t\t\t<\/a>\r\n\t\t\t\t\t\t\t\t\t\t<figcaption>\r\n\r\n\t\t\t\t\t\t\t\t\t\t\t\r\n\t\t\t\t\t\t\t\t\t\t\t<a href=\"https:\/\/new.orensparfums.com\/fr\/produit\/silenda-decume\/\" class=\"wpb-wps-product-title\">\r\n\t\t\t\t\t\t\t\t\t\t\t\t<h3 class=\"pro_title\">Silenda d&#039;Ecume<\/h3>\t\t\t\t\t\t\t\t\t\t\t<\/a>\r\n\r\n\t\t\t\t\t\t\t\t\t\t\t\r\n\t\t\t\t\t\t\t\t\t\t\t\r\n\t\t\t\t\t\t\t\t\t\t\t\r\n\t\t\t\t\t\t\t\t\t\t\t\r\n\t\t\t\t\t\t\t\t\t\t\t\r\n\t\t\t\t\t\t\t\t\t\t\t\r\n\t\t\t\t\t\t\t\t\t\t\t\r\n\t\t\t\t\t\t\t\t\t\t<\/figcaption>\r\n\t\t\t\t\t\t\t\t\t<\/figure>\r\n\t\t\t\t\t\t\t\t<\/div>\r\n\t\t\t\t\t\t\t\t\t\t\t\t\t\t\t\t<div class=\"wpb-wps-slider-item post-5788 product type-product status-publish has-post-thumbnail product_cat-kadou desktop-align-center tablet-align-left mobile-align-left ast-product-gallery-layout-horizontal-slider ast-product-single-variable ast-product-tabs-layout-horizontal  instock shipping-taxable purchasable product-type-variable\">\r\n\t\t\t\t\t\t\t\t\t<figure>\r\n\t\t\t\t\t\t\t\t\t\t\t\t\t\t\t\t\t\t\t\t\r\n\t\t\t\t\t\t\t\t\t\t\t\t\t\t\t\t\t\t\t\t\r\n\t\t\t\t\t\t\t\t\t\t<a href=\"https:\/\/new.orensparfums.com\/fr\/produit\/callis-subtile\/\" class=\"wpb_pro_img_url\">\r\n\t\t\t\t\t\t\t\t\t\t\t<img decoding=\"async\" width=\"600\" height=\"600\" src=\"https:\/\/new.orensparfums.com\/wp-content\/uploads\/2018\/06\/Flacon-Callis-Subtile-ouvert-600x600.jpg\" class=\"attachment-woocommerce_thumbnail size-woocommerce_thumbnail\" alt=\"Callis Subtile\" srcset=\"https:\/\/new.orensparfums.com\/wp-content\/uploads\/2018\/06\/Flacon-Callis-Subtile-ouvert-600x600.jpg 600w, https:\/\/new.orensparfums.com\/wp-content\/uploads\/2018\/06\/Flacon-Callis-Subtile-ouvert-1024x1024.jpg 1024w, https:\/\/new.orensparfums.com\/wp-content\/uploads\/2018\/06\/Flacon-Callis-Subtile-ouvert-150x150.jpg 150w, https:\/\/new.orensparfums.com\/wp-content\/uploads\/2018\/06\/Flacon-Callis-Subtile-ouvert-768x768.jpg 768w, https:\/\/new.orensparfums.com\/wp-content\/uploads\/2018\/06\/Flacon-Callis-Subtile-ouvert-1536x1536.jpg 1536w, https:\/\/new.orensparfums.com\/wp-content\/uploads\/2018\/06\/Flacon-Callis-Subtile-ouvert-800x800.jpg 800w, https:\/\/new.orensparfums.com\/wp-content\/uploads\/2018\/06\/Flacon-Callis-Subtile-ouvert-100x100.jpg 100w, https:\/\/new.orensparfums.com\/wp-content\/uploads\/2018\/06\/Flacon-Callis-Subtile-ouvert.jpg 2000w\" sizes=\"(max-width: 600px) 100vw, 600px\" \/>\t\t\t\t\t\t\t\t\t\t<\/a>\r\n\t\t\t\t\t\t\t\t\t\t<figcaption>\r\n\r\n\t\t\t\t\t\t\t\t\t\t\t\r\n\t\t\t\t\t\t\t\t\t\t\t<a href=\"https:\/\/new.orensparfums.com\/fr\/produit\/callis-subtile\/\" class=\"wpb-wps-product-title\">\r\n\t\t\t\t\t\t\t\t\t\t\t\t<h3 class=\"pro_title\">Callis Subtile<\/h3>\t\t\t\t\t\t\t\t\t\t\t<\/a>\r\n\r\n\t\t\t\t\t\t\t\t\t\t\t\r\n\t\t\t\t\t\t\t\t\t\t\t\r\n\t\t\t\t\t\t\t\t\t\t\t\r\n\t\t\t\t\t\t\t\t\t\t\t\r\n\t\t\t\t\t\t\t\t\t\t\t\r\n\t\t\t\t\t\t\t\t\t\t\t\r\n\t\t\t\t\t\t\t\t\t\t\t\r\n\t\t\t\t\t\t\t\t\t\t<\/figcaption>\r\n\t\t\t\t\t\t\t\t\t<\/figure>\r\n\t\t\t\t\t\t\t\t<\/div>\r\n\t\t\t\t\t\t\t\t\t\t\t\t\t\t\t\t<div class=\"wpb-wps-slider-item post-6252 product type-product status-publish has-post-thumbnail product_cat-kadou desktop-align-center tablet-align-left mobile-align-left ast-product-gallery-layout-horizontal-slider ast-product-single-variable ast-product-tabs-layout-horizontal last instock shipping-taxable purchasable product-type-variable\">\r\n\t\t\t\t\t\t\t\t\t<figure>\r\n\t\t\t\t\t\t\t\t\t\t\t\t\t\t\t\t\t\t\t\t\r\n\t\t\t\t\t\t\t\t\t\t\t\t\t\t\t\t\t\t\t\t\r\n\t\t\t\t\t\t\t\t\t\t<a href=\"https:\/\/new.orensparfums.com\/fr\/produit\/yama-rouge\/\" class=\"wpb_pro_img_url\">\r\n\t\t\t\t\t\t\t\t\t\t\t<img decoding=\"async\" width=\"600\" height=\"600\" src=\"https:\/\/new.orensparfums.com\/wp-content\/uploads\/2022\/05\/Yama-Rouge-ouvert-s-600x600.jpg\" class=\"attachment-woocommerce_thumbnail size-woocommerce_thumbnail\" alt=\"Yama Rouge\" srcset=\"https:\/\/new.orensparfums.com\/wp-content\/uploads\/2022\/05\/Yama-Rouge-ouvert-s-600x600.jpg 600w, https:\/\/new.orensparfums.com\/wp-content\/uploads\/2022\/05\/Yama-Rouge-ouvert-s-1024x1024.jpg 1024w, https:\/\/new.orensparfums.com\/wp-content\/uploads\/2022\/05\/Yama-Rouge-ouvert-s-150x150.jpg 150w, https:\/\/new.orensparfums.com\/wp-content\/uploads\/2022\/05\/Yama-Rouge-ouvert-s-768x768.jpg 768w, https:\/\/new.orensparfums.com\/wp-content\/uploads\/2022\/05\/Yama-Rouge-ouvert-s-1536x1536.jpg 1536w, https:\/\/new.orensparfums.com\/wp-content\/uploads\/2022\/05\/Yama-Rouge-ouvert-s-scaled.jpg 2048w, https:\/\/new.orensparfums.com\/wp-content\/uploads\/2022\/05\/Yama-Rouge-ouvert-s-800x800.jpg 800w, https:\/\/new.orensparfums.com\/wp-content\/uploads\/2022\/05\/Yama-Rouge-ouvert-s-100x100.jpg 100w\" sizes=\"(max-width: 600px) 100vw, 600px\" \/>\t\t\t\t\t\t\t\t\t\t<\/a>\r\n\t\t\t\t\t\t\t\t\t\t<figcaption>\r\n\r\n\t\t\t\t\t\t\t\t\t\t\t\r\n\t\t\t\t\t\t\t\t\t\t\t<a href=\"https:\/\/new.orensparfums.com\/fr\/produit\/yama-rouge\/\" class=\"wpb-wps-product-title\">\r\n\t\t\t\t\t\t\t\t\t\t\t\t<h3 class=\"pro_title\">Yama Rouge<\/h3>\t\t\t\t\t\t\t\t\t\t\t<\/a>\r\n\r\n\t\t\t\t\t\t\t\t\t\t\t\r\n\t\t\t\t\t\t\t\t\t\t\t\r\n\t\t\t\t\t\t\t\t\t\t\t\r\n\t\t\t\t\t\t\t\t\t\t\t\r\n\t\t\t\t\t\t\t\t\t\t\t\r\n\t\t\t\t\t\t\t\t\t\t\t\r\n\t\t\t\t\t\t\t\t\t\t\t\r\n\t\t\t\t\t\t\t\t\t\t<\/figcaption>\r\n\t\t\t\t\t\t\t\t\t<\/figure>\r\n\t\t\t\t\t\t\t\t<\/div>\r\n\t\t\t\t\t\t\t\t\t\t  \t\t<\/div>\r\n\t\t  \t<\/div>\r\n\t\t  \t\n\n\t\t<\/div>\n\t<\/div>\n<\/div><\/div><\/div><\/div><div class=\"vc_row-full-width vc_clearfix\"><\/div>\n<\/div>","protected":false},"excerpt":{"rendered":"Yama RougeEDP 50ml with 50ml refill vial and velvet pouch Yama Rouge is a modern, sweet, and magnetic fragrance that [...]","protected":false},"author":1,"featured_media":0,"parent":0,"menu_order":0,"comment_status":"closed","ping_status":"closed","template":"","meta":{"site-sidebar-layout":"no-sidebar","site-content-layout":"plain-container","ast-site-content-layout":"default","site-content-style":"default","site-sidebar-style":"default","ast-global-header-display":"","ast-banner-title-visibility":"","ast-main-header-display":"","ast-hfb-above-header-display":"","ast-hfb-below-header-display":"","ast-hfb-mobile-header-display":"","site-post-title":"disabled","ast-breadcrumbs-content":"","ast-featured-img":"disabled","footer-sml-layout":"","ast-disable-related-posts":"","theme-transparent-header-meta":"default","adv-header-id-meta":"","stick-header-meta":"default","header-above-stick-meta":"","header-main-stick-meta":"","header-below-stick-meta":"","astra-migrate-meta-layouts":"set","ast-page-background-enabled":"default","ast-page-background-meta":{"desktop":{"background-color":"var(--ast-global-color-5)","background-image":"","background-repeat":"repeat","background-position":"center center","background-size":"auto","background-attachment":"scroll","background-type":"","background-media":"","overlay-type":"","overlay-color":"","overlay-opacity":"","overlay-gradient":""},"tablet":{"background-color":"","background-image":"","background-repeat":"repeat","background-position":"center center","background-size":"auto","background-attachment":"scroll","background-type":"","background-media":"","overlay-type":"","overlay-color":"","overlay-opacity":"","overlay-gradient":""},"mobile":{"background-color":"","background-image":"","background-repeat":"repeat","background-position":"center center","background-size":"auto","background-attachment":"scroll","background-type":"","background-media":"","overlay-type":"","overlay-color":"","overlay-opacity":"","overlay-gradient":""}},"ast-content-background-meta":{"desktop":{"background-color":"var(--ast-global-color-4)","background-image":"","background-repeat":"repeat","background-position":"center center","background-size":"auto","background-attachment":"scroll","background-type":"","background-media":"","overlay-type":"","overlay-color":"","overlay-opacity":"","overlay-gradient":""},"tablet":{"background-color":"var(--ast-global-color-4)","background-image":"","background-repeat":"repeat","background-position":"center center","background-size":"auto","background-attachment":"scroll","background-type":"","background-media":"","overlay-type":"","overlay-color":"","overlay-opacity":"","overlay-gradient":""},"mobile":{"background-color":"var(--ast-global-color-4)","background-image":"","background-repeat":"repeat","background-position":"center center","background-size":"auto","background-attachment":"scroll","background-type":"","background-media":"","overlay-type":"","overlay-color":"","overlay-opacity":"","overlay-gradient":""}},"footnotes":""},"class_list":["post-5447","page","type-page","status-publish","hentry","desktop-align-center","tablet-align-left","mobile-align-left","ast-product-gallery-layout-horizontal-slider","ast-product-single-variable","ast-product-tabs-layout-horizontal"],"_links":{"self":[{"href":"https:\/\/new.orensparfums.com\/fr\/wp-json\/wp\/v2\/pages\/5447","targetHints":{"allow":["GET"]}}],"collection":[{"href":"https:\/\/new.orensparfums.com\/fr\/wp-json\/wp\/v2\/pages"}],"about":[{"href":"https:\/\/new.orensparfums.com\/fr\/wp-json\/wp\/v2\/types\/page"}],"author":[{"embeddable":true,"href":"https:\/\/new.orensparfums.com\/fr\/wp-json\/wp\/v2\/users\/1"}],"replies":[{"embeddable":true,"href":"https:\/\/new.orensparfums.com\/fr\/wp-json\/wp\/v2\/comments?post=5447"}],"version-history":[{"count":34,"href":"https:\/\/new.orensparfums.com\/fr\/wp-json\/wp\/v2\/pages\/5447\/revisions"}],"predecessor-version":[{"id":5967,"href":"https:\/\/new.orensparfums.com\/fr\/wp-json\/wp\/v2\/pages\/5447\/revisions\/5967"}],"wp:attachment":[{"href":"https:\/\/new.orensparfums.com\/fr\/wp-json\/wp\/v2\/media?parent=5447"}],"curies":[{"name":"wp","href":"https:\/\/api.w.org\/{rel}","templated":true}]}}