{"id":5493,"date":"2018-05-29T14:46:15","date_gmt":"2018-05-29T14:46:15","guid":{"rendered":"https:\/\/new.orensparfums.com\/?page_id=5493"},"modified":"2025-04-08T10:33:50","modified_gmt":"2025-04-08T10:33:50","slug":"bazi","status":"publish","type":"page","link":"https:\/\/new.orensparfums.com\/fr\/bazi\/","title":{"rendered":"BAZI"},"content":{"rendered":"<div class=\"wpb-content-wrapper\"><div data-vc-full-width=\"true\" data-vc-full-width-temp=\"true\" data-vc-full-width-init=\"false\" data-vc-stretch-content=\"true\" class=\"vc_row wpb_row vc_row-fluid bkg-img-left vc_custom_1744108389328 vc_row-has-fill vc_row-no-padding vc_row-o-content-middle vc_row-flex\"><div class=\"rs_col-sm-12 wpb_column vc_column_container vc_col-sm-6\"><div class=\"vc_column-inner\"><div class=\"wpb_wrapper\"><div class=\"vc_row wpb_row vc_inner vc_row-fluid\"><div class=\"wpb_column vc_column_container vc_col-sm-4\"><div class=\"vc_column-inner\"><div class=\"wpb_wrapper\"><\/div><\/div><\/div><div class=\"rs_col-sm-12 wpb_column vc_column_container vc_col-sm-8 vc_col-lg-8 vc_col-md-12\"><div class=\"vc_column-inner vc_custom_1458050113452\"><div class=\"wpb_wrapper\"><h2 style=\"text-align: left\" class=\"vc_custom_heading vc_do_custom_heading wpb_animate_when_almost_visible wpb_fadeInUp fadeInUp\" >BAZI<\/h2><div class=\"vc_separator wpb_content_element vc_separator_align_center vc_sep_width_100 vc_sep_pos_align_center vc_separator_no_text vc_sep_color_orange wpb_content_element  wpb_content_element\" ><span class=\"vc_sep_holder vc_sep_holder_l\"><span class=\"vc_sep_line\"><\/span><\/span><span class=\"vc_sep_holder vc_sep_holder_r\"><span class=\"vc_sep_line\"><\/span><\/span>\n<\/div>\n\t<div class=\"wpb_text_column wpb_content_element wpb_animate_when_almost_visible wpb_fadeInLeft fadeInLeft vc_custom_1527681315713\" >\n\t\t<div class=\"wpb_wrapper\">\n\t\t\t<p>Sur leur route, les voyageurs rencontrent des signes qu\u2019ils ne peuvent ignorer. Orens, lieu de myst\u00e8res, les entrainent dans une incroyable chasse au tr\u00e9sor.<\/p>\n<p>La collection Bazi est symbolis\u00e9e par le premier des indices cach\u00e9s du jardin: un losange, fa\u00e7onn\u00e9 secr\u00e8tement au centre du plafond d\u2019un vieux kiosque.<\/p>\n<p>La collection propose un large \u00e9ventail de notes singuli\u00e8res et captivantes:<br \/>\ndes douces bouff\u00e9es de framboise effleurent une rose d\u00e9licate, mari\u00e9e gracieusement au gingembre, \u00e0 la vanille et \u00e0 l\u2019encens, pour offrir allure et originalit\u00e9 \u00e0 cet univers unique.<\/p>\n\n\t\t<\/div>\n\t<\/div>\n<\/div><\/div><\/div><\/div><\/div><\/div><\/div><div class=\"rs_col-sm-12 wpb_animate_when_almost_visible wpb_fadeInRight fadeInRight wpb_column vc_column_container vc_col-sm-6\"><div class=\"vc_column-inner vc_custom_1542367729489\"><div class=\"wpb_wrapper\">\n\t<div  class=\"wpb_single_image wpb_content_element vc_align_left wpb_content_element\">\n\t\t\n\t\t<figure class=\"wpb_wrapper vc_figure\">\n\t\t\t<div class=\"vc_single_image-wrapper   vc_box_border_grey\"><img decoding=\"async\" width=\"741\" height=\"1037\" src=\"https:\/\/new.orensparfums.com\/wp-content\/uploads\/2018\/12\/Bazi-Collection-portrait-72dpi-1.jpg\" class=\"vc_single_image-img attachment-full\" alt=\"\" title=\"Bazi Collection\" srcset=\"https:\/\/new.orensparfums.com\/wp-content\/uploads\/2018\/12\/Bazi-Collection-portrait-72dpi-1.jpg 741w, https:\/\/new.orensparfums.com\/wp-content\/uploads\/2018\/12\/Bazi-Collection-portrait-72dpi-1-429x600.jpg 429w, https:\/\/new.orensparfums.com\/wp-content\/uploads\/2018\/12\/Bazi-Collection-portrait-72dpi-1-732x1024.jpg 732w\" sizes=\"(max-width: 741px) 100vw, 741px\" \/><\/div>\n\t\t<\/figure>\n\t<\/div>\n<\/div><\/div><\/div><\/div><div class=\"vc_row-full-width vc_clearfix\"><\/div><div class=\"vc_row wpb_row vc_row-fluid\"><div class=\"wpb_column vc_column_container vc_col-sm-12\"><div class=\"vc_column-inner\"><div class=\"wpb_wrapper\"><\/div><\/div><\/div><\/div><div data-vc-full-width=\"true\" data-vc-full-width-temp=\"true\" data-vc-full-width-init=\"false\" class=\"vc_row wpb_row vc_row-fluid vcr_float_right vc_custom_1530779676536 vc_row-has-fill\"><div class=\"dt-sc-model-container wpb_column vc_column_container vc_col-sm-12\"><div class=\"vc_column-inner\"><div class=\"wpb_wrapper\"><div class=\"vc_row wpb_row vc_inner vc_row-fluid\"><div class=\"wpb_column vc_column_container vc_col-sm-4\"><div class=\"vc_column-inner\"><div class=\"wpb_wrapper\"><\/div><\/div><\/div><div class=\"wpb_column vc_column_container vc_col-sm-8\"><div class=\"vc_column-inner\"><div class=\"wpb_wrapper\"><h4 style=\"text-align: left\" class=\"vc_custom_heading vc_do_custom_heading wpb_animate_when_almost_visible wpb_fadeInRight fadeInRight\" >La Collection<\/h4><div class=\"vc_separator wpb_content_element vc_separator_align_center vc_sep_width_100 vc_sep_pos_align_center vc_separator_no_text vc_sep_color_orange wpb_content_element  wpb_content_element\" ><span class=\"vc_sep_holder vc_sep_holder_l\"><span class=\"vc_sep_line\"><\/span><\/span><span class=\"vc_sep_holder vc_sep_holder_r\"><span class=\"vc_sep_line\"><\/span><\/span>\n<\/div><\/div><\/div><\/div><\/div>\n\t<div class=\"wpb_text_column wpb_content_element wpb_animate_when_almost_visible wpb_fadeInUp fadeInUp\" >\n\t\t<div class=\"wpb_wrapper\">\n\t\t\t\t\t\t<div class=\"wpb_slider_area wpb_fix_cart\">\r\n\r\n\t\t\t\t\r\n\t\t\t\t<div class=\"wpb-woo-products-slider owl-carousel owl-theme grid cs-style-3 woocommerce wpb-wps-product-type-category\" data-autoplay=\"true\" data-hoverpause=\"true\" data-sliderloop=\"true\" data-navigation=\"false\" data-slideby=\"1\" data-pagination=\"true\" data-items=\"3\" data-desktopsmall=\"3\" data-tablet=\"2\" data-mobile=\"1\" data-direction=\"false\" >\r\n\r\n\t\t\t\t\t\t\t\t\t\t\t\t\t<div class=\"wpb-wps-slider-item post-5689 product type-product status-publish has-post-thumbnail product_cat-bazi desktop-align-center tablet-align-left mobile-align-left ast-product-gallery-layout-horizontal-slider ast-product-single-variable ast-product-tabs-layout-horizontal first instock shipping-taxable purchasable product-type-variable\">\r\n\t\t\t\t\t\t\t\t\t<figure>\r\n\t\t\t\t\t\t\t\t\t\t\t\t\t\t\t\t\t\t\t\t\r\n\t\t\t\t\t\t\t\t\t\t\t\t\t\t\t\t\t\t\t\t\r\n\t\t\t\t\t\t\t\t\t\t<a href=\"https:\/\/new.orensparfums.com\/fr\/produit\/sabil-nocturne\/\" class=\"wpb_pro_img_url\">\r\n\t\t\t\t\t\t\t\t\t\t\t<img decoding=\"async\" width=\"600\" height=\"600\" src=\"https:\/\/new.orensparfums.com\/wp-content\/uploads\/2018\/05\/Flacon-Sabil-Nocturne-ouvert-600x600.jpg\" class=\"attachment-woocommerce_thumbnail size-woocommerce_thumbnail\" alt=\"Sabil Nocturne\" srcset=\"https:\/\/new.orensparfums.com\/wp-content\/uploads\/2018\/05\/Flacon-Sabil-Nocturne-ouvert-600x600.jpg 600w, https:\/\/new.orensparfums.com\/wp-content\/uploads\/2018\/05\/Flacon-Sabil-Nocturne-ouvert-150x150.jpg 150w, https:\/\/new.orensparfums.com\/wp-content\/uploads\/2018\/05\/Flacon-Sabil-Nocturne-ouvert-768x768.jpg 768w, https:\/\/new.orensparfums.com\/wp-content\/uploads\/2018\/05\/Flacon-Sabil-Nocturne-ouvert-1024x1024.jpg 1024w, https:\/\/new.orensparfums.com\/wp-content\/uploads\/2018\/05\/Flacon-Sabil-Nocturne-ouvert-800x800.jpg 800w, https:\/\/new.orensparfums.com\/wp-content\/uploads\/2018\/05\/Flacon-Sabil-Nocturne-ouvert-100x100.jpg 100w, https:\/\/new.orensparfums.com\/wp-content\/uploads\/2018\/05\/Flacon-Sabil-Nocturne-ouvert.jpg 2000w\" sizes=\"(max-width: 600px) 100vw, 600px\" \/>\t\t\t\t\t\t\t\t\t\t<\/a>\r\n\t\t\t\t\t\t\t\t\t\t<figcaption>\r\n\r\n\t\t\t\t\t\t\t\t\t\t\t\r\n\t\t\t\t\t\t\t\t\t\t\t<a href=\"https:\/\/new.orensparfums.com\/fr\/produit\/sabil-nocturne\/\" class=\"wpb-wps-product-title\">\r\n\t\t\t\t\t\t\t\t\t\t\t\t<h3 class=\"pro_title\">Sabil Nocturne<\/h3>\t\t\t\t\t\t\t\t\t\t\t<\/a>\r\n\r\n\t\t\t\t\t\t\t\t\t\t\t\r\n\t\t\t\t\t\t\t\t\t\t\t\r\n\t\t\t\t\t\t\t\t\t\t\t\r\n\t\t\t\t\t\t\t\t\t\t\t\r\n\t\t\t\t\t\t\t\t\t\t\t\r\n\t\t\t\t\t\t\t\t\t\t\t\r\n\t\t\t\t\t\t\t\t\t\t\t\r\n\t\t\t\t\t\t\t\t\t\t<\/figcaption>\r\n\t\t\t\t\t\t\t\t\t<\/figure>\r\n\t\t\t\t\t\t\t\t<\/div>\r\n\t\t\t\t\t\t\t\t\t\t\t\t\t\t\t\t<div class=\"wpb-wps-slider-item post-5692 product type-product status-publish has-post-thumbnail product_cat-bazi desktop-align-center tablet-align-left mobile-align-left ast-product-gallery-layout-horizontal-slider ast-product-single-variable ast-product-tabs-layout-horizontal  instock shipping-taxable purchasable product-type-variable\">\r\n\t\t\t\t\t\t\t\t\t<figure>\r\n\t\t\t\t\t\t\t\t\t\t\t\t\t\t\t\t\t\t\t\t\r\n\t\t\t\t\t\t\t\t\t\t\t\t\t\t\t\t\t\t\t\t\r\n\t\t\t\t\t\t\t\t\t\t<a href=\"https:\/\/new.orensparfums.com\/fr\/produit\/undea-des-iles\/\" class=\"wpb_pro_img_url\">\r\n\t\t\t\t\t\t\t\t\t\t\t<img decoding=\"async\" width=\"600\" height=\"600\" src=\"https:\/\/new.orensparfums.com\/wp-content\/uploads\/2018\/05\/Flacon-Undea-des-Iles-ouvert-600x600.jpg\" class=\"attachment-woocommerce_thumbnail size-woocommerce_thumbnail\" alt=\"Undea des Iles\" srcset=\"https:\/\/new.orensparfums.com\/wp-content\/uploads\/2018\/05\/Flacon-Undea-des-Iles-ouvert-600x600.jpg 600w, https:\/\/new.orensparfums.com\/wp-content\/uploads\/2018\/05\/Flacon-Undea-des-Iles-ouvert-150x150.jpg 150w, https:\/\/new.orensparfums.com\/wp-content\/uploads\/2018\/05\/Flacon-Undea-des-Iles-ouvert-768x768.jpg 768w, https:\/\/new.orensparfums.com\/wp-content\/uploads\/2018\/05\/Flacon-Undea-des-Iles-ouvert-1024x1024.jpg 1024w, https:\/\/new.orensparfums.com\/wp-content\/uploads\/2018\/05\/Flacon-Undea-des-Iles-ouvert-800x800.jpg 800w, https:\/\/new.orensparfums.com\/wp-content\/uploads\/2018\/05\/Flacon-Undea-des-Iles-ouvert-100x100.jpg 100w, https:\/\/new.orensparfums.com\/wp-content\/uploads\/2018\/05\/Flacon-Undea-des-Iles-ouvert.jpg 2000w\" sizes=\"(max-width: 600px) 100vw, 600px\" \/>\t\t\t\t\t\t\t\t\t\t<\/a>\r\n\t\t\t\t\t\t\t\t\t\t<figcaption>\r\n\r\n\t\t\t\t\t\t\t\t\t\t\t\r\n\t\t\t\t\t\t\t\t\t\t\t<a href=\"https:\/\/new.orensparfums.com\/fr\/produit\/undea-des-iles\/\" class=\"wpb-wps-product-title\">\r\n\t\t\t\t\t\t\t\t\t\t\t\t<h3 class=\"pro_title\">Undea des Iles<\/h3>\t\t\t\t\t\t\t\t\t\t\t<\/a>\r\n\r\n\t\t\t\t\t\t\t\t\t\t\t\r\n\t\t\t\t\t\t\t\t\t\t\t\r\n\t\t\t\t\t\t\t\t\t\t\t\r\n\t\t\t\t\t\t\t\t\t\t\t\r\n\t\t\t\t\t\t\t\t\t\t\t\r\n\t\t\t\t\t\t\t\t\t\t\t\r\n\t\t\t\t\t\t\t\t\t\t\t\r\n\t\t\t\t\t\t\t\t\t\t<\/figcaption>\r\n\t\t\t\t\t\t\t\t\t<\/figure>\r\n\t\t\t\t\t\t\t\t<\/div>\r\n\t\t\t\t\t\t\t\t\t\t\t\t\t\t\t\t<div class=\"wpb-wps-slider-item post-5791 product type-product status-publish has-post-thumbnail product_cat-bazi desktop-align-center tablet-align-left mobile-align-left ast-product-gallery-layout-horizontal-slider ast-product-single-variable ast-product-tabs-layout-horizontal  instock shipping-taxable purchasable product-type-variable\">\r\n\t\t\t\t\t\t\t\t\t<figure>\r\n\t\t\t\t\t\t\t\t\t\t\t\t\t\t\t\t\t\t\t\t\r\n\t\t\t\t\t\t\t\t\t\t\t\t\t\t\t\t\t\t\t\t\r\n\t\t\t\t\t\t\t\t\t\t<a href=\"https:\/\/new.orensparfums.com\/fr\/produit\/serr-deden\/\" class=\"wpb_pro_img_url\">\r\n\t\t\t\t\t\t\t\t\t\t\t<img decoding=\"async\" width=\"600\" height=\"600\" src=\"https:\/\/new.orensparfums.com\/wp-content\/uploads\/2018\/06\/Flacon-Serr-d_Eden-ouvert-600x600.jpg\" class=\"attachment-woocommerce_thumbnail size-woocommerce_thumbnail\" alt=\"Serr d\u2019Eden\" srcset=\"https:\/\/new.orensparfums.com\/wp-content\/uploads\/2018\/06\/Flacon-Serr-d_Eden-ouvert-600x600.jpg 600w, https:\/\/new.orensparfums.com\/wp-content\/uploads\/2018\/06\/Flacon-Serr-d_Eden-ouvert-1024x1024.jpg 1024w, https:\/\/new.orensparfums.com\/wp-content\/uploads\/2018\/06\/Flacon-Serr-d_Eden-ouvert-150x150.jpg 150w, https:\/\/new.orensparfums.com\/wp-content\/uploads\/2018\/06\/Flacon-Serr-d_Eden-ouvert-768x768.jpg 768w, https:\/\/new.orensparfums.com\/wp-content\/uploads\/2018\/06\/Flacon-Serr-d_Eden-ouvert-1536x1536.jpg 1536w, https:\/\/new.orensparfums.com\/wp-content\/uploads\/2018\/06\/Flacon-Serr-d_Eden-ouvert-800x800.jpg 800w, https:\/\/new.orensparfums.com\/wp-content\/uploads\/2018\/06\/Flacon-Serr-d_Eden-ouvert-100x100.jpg 100w, https:\/\/new.orensparfums.com\/wp-content\/uploads\/2018\/06\/Flacon-Serr-d_Eden-ouvert.jpg 2000w\" sizes=\"(max-width: 600px) 100vw, 600px\" \/>\t\t\t\t\t\t\t\t\t\t<\/a>\r\n\t\t\t\t\t\t\t\t\t\t<figcaption>\r\n\r\n\t\t\t\t\t\t\t\t\t\t\t\r\n\t\t\t\t\t\t\t\t\t\t\t<a href=\"https:\/\/new.orensparfums.com\/fr\/produit\/serr-deden\/\" class=\"wpb-wps-product-title\">\r\n\t\t\t\t\t\t\t\t\t\t\t\t<h3 class=\"pro_title\">Serr d\u2019Eden<\/h3>\t\t\t\t\t\t\t\t\t\t\t<\/a>\r\n\r\n\t\t\t\t\t\t\t\t\t\t\t\r\n\t\t\t\t\t\t\t\t\t\t\t\r\n\t\t\t\t\t\t\t\t\t\t\t\r\n\t\t\t\t\t\t\t\t\t\t\t\r\n\t\t\t\t\t\t\t\t\t\t\t\r\n\t\t\t\t\t\t\t\t\t\t\t\r\n\t\t\t\t\t\t\t\t\t\t\t\r\n\t\t\t\t\t\t\t\t\t\t<\/figcaption>\r\n\t\t\t\t\t\t\t\t\t<\/figure>\r\n\t\t\t\t\t\t\t\t<\/div>\r\n\t\t\t\t\t\t\t\t\t\t\t\t\t\t\t\t<div class=\"wpb-wps-slider-item post-6255 product type-product status-publish has-post-thumbnail product_cat-bazi desktop-align-center tablet-align-left mobile-align-left ast-product-gallery-layout-horizontal-slider ast-product-single-variable ast-product-tabs-layout-horizontal last instock shipping-taxable purchasable product-type-variable\">\r\n\t\t\t\t\t\t\t\t\t<figure>\r\n\t\t\t\t\t\t\t\t\t\t\t\t\t\t\t\t\t\t\t\t\r\n\t\t\t\t\t\t\t\t\t\t\t\t\t\t\t\t\t\t\t\t\r\n\t\t\t\t\t\t\t\t\t\t<a href=\"https:\/\/new.orensparfums.com\/fr\/produit\/utaki-sacre\/\" class=\"wpb_pro_img_url\">\r\n\t\t\t\t\t\t\t\t\t\t\t<img decoding=\"async\" width=\"600\" height=\"600\" src=\"https:\/\/new.orensparfums.com\/wp-content\/uploads\/2022\/05\/Utaki-Sacre\u0301-ouvert-s-600x600.jpg\" class=\"attachment-woocommerce_thumbnail size-woocommerce_thumbnail\" alt=\"Utaki Sacr\u00e9\" srcset=\"https:\/\/new.orensparfums.com\/wp-content\/uploads\/2022\/05\/Utaki-Sacre\u0301-ouvert-s-600x600.jpg 600w, https:\/\/new.orensparfums.com\/wp-content\/uploads\/2022\/05\/Utaki-Sacre\u0301-ouvert-s-1024x1024.jpg 1024w, https:\/\/new.orensparfums.com\/wp-content\/uploads\/2022\/05\/Utaki-Sacre\u0301-ouvert-s-150x150.jpg 150w, https:\/\/new.orensparfums.com\/wp-content\/uploads\/2022\/05\/Utaki-Sacre\u0301-ouvert-s-768x768.jpg 768w, https:\/\/new.orensparfums.com\/wp-content\/uploads\/2022\/05\/Utaki-Sacre\u0301-ouvert-s-1536x1536.jpg 1536w, https:\/\/new.orensparfums.com\/wp-content\/uploads\/2022\/05\/Utaki-Sacre\u0301-ouvert-s-scaled.jpg 2048w, https:\/\/new.orensparfums.com\/wp-content\/uploads\/2022\/05\/Utaki-Sacre\u0301-ouvert-s-800x800.jpg 800w, https:\/\/new.orensparfums.com\/wp-content\/uploads\/2022\/05\/Utaki-Sacre\u0301-ouvert-s-100x100.jpg 100w\" sizes=\"(max-width: 600px) 100vw, 600px\" \/>\t\t\t\t\t\t\t\t\t\t<\/a>\r\n\t\t\t\t\t\t\t\t\t\t<figcaption>\r\n\r\n\t\t\t\t\t\t\t\t\t\t\t\r\n\t\t\t\t\t\t\t\t\t\t\t<a href=\"https:\/\/new.orensparfums.com\/fr\/produit\/utaki-sacre\/\" class=\"wpb-wps-product-title\">\r\n\t\t\t\t\t\t\t\t\t\t\t\t<h3 class=\"pro_title\">Utaki Sacr\u00e9<\/h3>\t\t\t\t\t\t\t\t\t\t\t<\/a>\r\n\r\n\t\t\t\t\t\t\t\t\t\t\t\r\n\t\t\t\t\t\t\t\t\t\t\t\r\n\t\t\t\t\t\t\t\t\t\t\t\r\n\t\t\t\t\t\t\t\t\t\t\t\r\n\t\t\t\t\t\t\t\t\t\t\t\r\n\t\t\t\t\t\t\t\t\t\t\t\r\n\t\t\t\t\t\t\t\t\t\t\t\r\n\t\t\t\t\t\t\t\t\t\t<\/figcaption>\r\n\t\t\t\t\t\t\t\t\t<\/figure>\r\n\t\t\t\t\t\t\t\t<\/div>\r\n\t\t\t\t\t\t\t\t\t\t  \t\t<\/div>\r\n\t\t  \t<\/div>\r\n\t\t  \t\n\n\t\t<\/div>\n\t<\/div>\n<\/div><\/div><\/div><\/div><div class=\"vc_row-full-width vc_clearfix\"><\/div>\n<\/div>","protected":false},"excerpt":{"rendered":"Utaki Sacr\u00e9EDP 50ml with 50ml refill vial and velvet pouch This spiritual woody perfume will take you on an olfactory [...]","protected":false},"author":1,"featured_media":0,"parent":0,"menu_order":0,"comment_status":"closed","ping_status":"closed","template":"","meta":{"site-sidebar-layout":"no-sidebar","site-content-layout":"plain-container","ast-site-content-layout":"default","site-content-style":"default","site-sidebar-style":"default","ast-global-header-display":"","ast-banner-title-visibility":"","ast-main-header-display":"","ast-hfb-above-header-display":"","ast-hfb-below-header-display":"","ast-hfb-mobile-header-display":"","site-post-title":"disabled","ast-breadcrumbs-content":"","ast-featured-img":"disabled","footer-sml-layout":"","ast-disable-related-posts":"","theme-transparent-header-meta":"default","adv-header-id-meta":"","stick-header-meta":"default","header-above-stick-meta":"","header-main-stick-meta":"","header-below-stick-meta":"","astra-migrate-meta-layouts":"set","ast-page-background-enabled":"default","ast-page-background-meta":{"desktop":{"background-color":"var(--ast-global-color-5)","background-image":"","background-repeat":"repeat","background-position":"center center","background-size":"auto","background-attachment":"scroll","background-type":"","background-media":"","overlay-type":"","overlay-color":"","overlay-opacity":"","overlay-gradient":""},"tablet":{"background-color":"","background-image":"","background-repeat":"repeat","background-position":"center center","background-size":"auto","background-attachment":"scroll","background-type":"","background-media":"","overlay-type":"","overlay-color":"","overlay-opacity":"","overlay-gradient":""},"mobile":{"background-color":"","background-image":"","background-repeat":"repeat","background-position":"center center","background-size":"auto","background-attachment":"scroll","background-type":"","background-media":"","overlay-type":"","overlay-color":"","overlay-opacity":"","overlay-gradient":""}},"ast-content-background-meta":{"desktop":{"background-color":"var(--ast-global-color-4)","background-image":"","background-repeat":"repeat","background-position":"center center","background-size":"auto","background-attachment":"scroll","background-type":"","background-media":"","overlay-type":"","overlay-color":"","overlay-opacity":"","overlay-gradient":""},"tablet":{"background-color":"var(--ast-global-color-4)","background-image":"","background-repeat":"repeat","background-position":"center center","background-size":"auto","background-attachment":"scroll","background-type":"","background-media":"","overlay-type":"","overlay-color":"","overlay-opacity":"","overlay-gradient":""},"mobile":{"background-color":"var(--ast-global-color-4)","background-image":"","background-repeat":"repeat","background-position":"center center","background-size":"auto","background-attachment":"scroll","background-type":"","background-media":"","overlay-type":"","overlay-color":"","overlay-opacity":"","overlay-gradient":""}},"footnotes":""},"class_list":["post-5493","page","type-page","status-publish","hentry","desktop-align-center","tablet-align-left","mobile-align-left","ast-product-gallery-layout-horizontal-slider","ast-product-single-variable","ast-product-tabs-layout-horizontal"],"_links":{"self":[{"href":"https:\/\/new.orensparfums.com\/fr\/wp-json\/wp\/v2\/pages\/5493","targetHints":{"allow":["GET"]}}],"collection":[{"href":"https:\/\/new.orensparfums.com\/fr\/wp-json\/wp\/v2\/pages"}],"about":[{"href":"https:\/\/new.orensparfums.com\/fr\/wp-json\/wp\/v2\/types\/page"}],"author":[{"embeddable":true,"href":"https:\/\/new.orensparfums.com\/fr\/wp-json\/wp\/v2\/users\/1"}],"replies":[{"embeddable":true,"href":"https:\/\/new.orensparfums.com\/fr\/wp-json\/wp\/v2\/comments?post=5493"}],"version-history":[{"count":24,"href":"https:\/\/new.orensparfums.com\/fr\/wp-json\/wp\/v2\/pages\/5493\/revisions"}],"predecessor-version":[{"id":5970,"href":"https:\/\/new.orensparfums.com\/fr\/wp-json\/wp\/v2\/pages\/5493\/revisions\/5970"}],"wp:attachment":[{"href":"https:\/\/new.orensparfums.com\/fr\/wp-json\/wp\/v2\/media?parent=5493"}],"curies":[{"name":"wp","href":"https:\/\/api.w.org\/{rel}","templated":true}]}}