{"id":5738,"date":"2018-06-15T18:11:23","date_gmt":"2018-06-15T18:11:23","guid":{"rendered":"https:\/\/new.orensparfums.com\/?page_id=5738"},"modified":"2025-04-08T10:04:41","modified_gmt":"2025-04-08T10:04:41","slug":"brand-concept","status":"publish","type":"page","link":"https:\/\/new.orensparfums.com\/fr\/orens-paris\/brand-concept\/","title":{"rendered":"La Marque"},"content":{"rendered":"<div class=\"wpb-content-wrapper\"><div data-vc-full-width=\"true\" data-vc-full-width-temp=\"true\" data-vc-full-width-init=\"false\" data-vc-stretch-content=\"true\" class=\"vc_row wpb_row vc_row-fluid bkg-img-left vc_custom_1744106679594 vc_row-has-fill vc_row-no-padding vc_row-o-content-middle vc_row-flex\"><div class=\"rs_col-sm-12 wpb_column vc_column_container vc_col-sm-6\"><div class=\"vc_column-inner\"><div class=\"wpb_wrapper\"><div class=\"vc_row wpb_row vc_inner vc_row-fluid\"><div class=\"wpb_column vc_column_container vc_col-sm-4\"><div class=\"vc_column-inner\"><div class=\"wpb_wrapper\"><\/div><\/div><\/div><div class=\"rs_col-sm-12 wpb_column vc_column_container vc_col-sm-8 vc_col-lg-8 vc_col-md-12\"><div class=\"vc_column-inner vc_custom_1458050113452\"><div class=\"wpb_wrapper\"><h2 style=\"text-align: left\" class=\"vc_custom_heading vc_do_custom_heading wpb_animate_when_almost_visible wpb_fadeInUp fadeInUp\" >La Marque<\/h2><div class=\"vc_separator wpb_content_element vc_separator_align_center vc_sep_width_100 vc_sep_pos_align_center vc_separator_no_text vc_sep_color_orange wpb_content_element  wpb_content_element\" ><span class=\"vc_sep_holder vc_sep_holder_l\"><span class=\"vc_sep_line\"><\/span><\/span><span class=\"vc_sep_holder vc_sep_holder_r\"><span class=\"vc_sep_line\"><\/span><\/span>\n<\/div>\n\t<div class=\"wpb_text_column wpb_content_element wpb_animate_when_almost_visible wpb_fadeInLeft fadeInLeft vc_custom_1530887417563\" >\n\t\t<div class=\"wpb_wrapper\">\n\t\t\t<p><strong>Orens<\/strong> a \u00e9t\u00e9 imagin\u00e9e et cr\u00e9\u00e9e pour rendre hommage \u00e0 la rencontre passionn\u00e9e de la parfumerie et d\u2019une recherche de la beaut\u00e9.<\/p>\n<p>Le tube en m\u00e9tal sculpt\u00e9, r\u00e9ceptacle \u00e0 la forme unique des parfums de la marque, rappelle les majestueux piliers du jardin d\u2019Orens. Sa conception in\u00e9dite fera le bonheur des collectionneurs. <strong>Orens<\/strong> piliers et est destin\u00e9 \u00e0 \u00eatre un objet de collection.<\/p>\n<p>Les motifs de chaque collection rappellent autant d\u2019indices r\u00e9colt\u00e9s, pendant leurs aventures, par quatre voyageurs qui d\u00e9couvrent Orens et ses myst\u00e8res, devenant les t\u00e9moins d\u2019histoires merveilleuses, en diff\u00e9rents lieux et \u00e9poques.<\/p>\n\n\t\t<\/div>\n\t<\/div>\n<h3 style=\"text-align: left\" class=\"vc_custom_heading vc_do_custom_heading wpb_animate_when_almost_visible wpb_fadeInLeft fadeInLeft\" >A vous aujourd\u2019hui de raconter votre histoire et construire votre propre jardin d\u2019Orens.<\/h3><\/div><\/div><\/div><\/div><\/div><\/div><\/div><div class=\"rs_col-sm-12 wpb_animate_when_almost_visible wpb_fadeInRight fadeInRight wpb_column vc_column_container vc_col-sm-6\"><div class=\"vc_column-inner\"><div class=\"wpb_wrapper\">\n\t<div  class=\"wpb_single_image wpb_content_element vc_align_left wpb_content_element\">\n\t\t\n\t\t<figure class=\"wpb_wrapper vc_figure\">\n\t\t\t<div class=\"vc_single_image-wrapper   vc_box_border_grey\"><img decoding=\"async\" width=\"647\" height=\"600\" src=\"https:\/\/new.orensparfums.com\/wp-content\/uploads\/2018\/05\/Refill647x600.jpg\" class=\"vc_single_image-img attachment-full\" alt=\"\" title=\"Refill647x600\" srcset=\"https:\/\/new.orensparfums.com\/wp-content\/uploads\/2018\/05\/Refill647x600.jpg 647w, https:\/\/new.orensparfums.com\/wp-content\/uploads\/2018\/05\/Refill647x600-600x556.jpg 600w\" sizes=\"(max-width: 647px) 100vw, 647px\" \/><\/div>\n\t\t<\/figure>\n\t<\/div>\n<\/div><\/div><\/div><\/div><div class=\"vc_row-full-width vc_clearfix\"><\/div><div class=\"vc_row wpb_row vc_row-fluid\"><div class=\"wpb_column vc_column_container vc_col-sm-12\"><div class=\"vc_column-inner\"><div class=\"wpb_wrapper\"><\/div><\/div><\/div><\/div>\n<\/div>","protected":false},"excerpt":{"rendered":"Brand Concept Orens was created as an homage to an adventure pursuing a passion for beauty and perfumery. The metallic [...]","protected":false},"author":1,"featured_media":0,"parent":5268,"menu_order":0,"comment_status":"closed","ping_status":"closed","template":"","meta":{"site-sidebar-layout":"no-sidebar","site-content-layout":"plain-container","ast-site-content-layout":"default","site-content-style":"default","site-sidebar-style":"default","ast-global-header-display":"","ast-banner-title-visibility":"","ast-main-header-display":"","ast-hfb-above-header-display":"","ast-hfb-below-header-display":"","ast-hfb-mobile-header-display":"","site-post-title":"disabled","ast-breadcrumbs-content":"","ast-featured-img":"disabled","footer-sml-layout":"","ast-disable-related-posts":"","theme-transparent-header-meta":"default","adv-header-id-meta":"","stick-header-meta":"default","header-above-stick-meta":"","header-main-stick-meta":"","header-below-stick-meta":"","astra-migrate-meta-layouts":"set","ast-page-background-enabled":"default","ast-page-background-meta":{"desktop":{"background-color":"var(--ast-global-color-5)","background-image":"","background-repeat":"repeat","background-position":"center center","background-size":"auto","background-attachment":"scroll","background-type":"","background-media":"","overlay-type":"","overlay-color":"","overlay-opacity":"","overlay-gradient":""},"tablet":{"background-color":"","background-image":"","background-repeat":"repeat","background-position":"center center","background-size":"auto","background-attachment":"scroll","background-type":"","background-media":"","overlay-type":"","overlay-color":"","overlay-opacity":"","overlay-gradient":""},"mobile":{"background-color":"","background-image":"","background-repeat":"repeat","background-position":"center center","background-size":"auto","background-attachment":"scroll","background-type":"","background-media":"","overlay-type":"","overlay-color":"","overlay-opacity":"","overlay-gradient":""}},"ast-content-background-meta":{"desktop":{"background-color":"var(--ast-global-color-4)","background-image":"","background-repeat":"repeat","background-position":"center center","background-size":"auto","background-attachment":"scroll","background-type":"","background-media":"","overlay-type":"","overlay-color":"","overlay-opacity":"","overlay-gradient":""},"tablet":{"background-color":"var(--ast-global-color-4)","background-image":"","background-repeat":"repeat","background-position":"center center","background-size":"auto","background-attachment":"scroll","background-type":"","background-media":"","overlay-type":"","overlay-color":"","overlay-opacity":"","overlay-gradient":""},"mobile":{"background-color":"var(--ast-global-color-4)","background-image":"","background-repeat":"repeat","background-position":"center center","background-size":"auto","background-attachment":"scroll","background-type":"","background-media":"","overlay-type":"","overlay-color":"","overlay-opacity":"","overlay-gradient":""}},"footnotes":""},"class_list":["post-5738","page","type-page","status-publish","hentry"],"_links":{"self":[{"href":"https:\/\/new.orensparfums.com\/fr\/wp-json\/wp\/v2\/pages\/5738","targetHints":{"allow":["GET"]}}],"collection":[{"href":"https:\/\/new.orensparfums.com\/fr\/wp-json\/wp\/v2\/pages"}],"about":[{"href":"https:\/\/new.orensparfums.com\/fr\/wp-json\/wp\/v2\/types\/page"}],"author":[{"embeddable":true,"href":"https:\/\/new.orensparfums.com\/fr\/wp-json\/wp\/v2\/users\/1"}],"replies":[{"embeddable":true,"href":"https:\/\/new.orensparfums.com\/fr\/wp-json\/wp\/v2\/comments?post=5738"}],"version-history":[{"count":7,"href":"https:\/\/new.orensparfums.com\/fr\/wp-json\/wp\/v2\/pages\/5738\/revisions"}],"predecessor-version":[{"id":7170,"href":"https:\/\/new.orensparfums.com\/fr\/wp-json\/wp\/v2\/pages\/5738\/revisions\/7170"}],"up":[{"embeddable":true,"href":"https:\/\/new.orensparfums.com\/fr\/wp-json\/wp\/v2\/pages\/5268"}],"wp:attachment":[{"href":"https:\/\/new.orensparfums.com\/fr\/wp-json\/wp\/v2\/media?parent=5738"}],"curies":[{"name":"wp","href":"https:\/\/api.w.org\/{rel}","templated":true}]}}