{"id":6834,"date":"2022-10-09T07:13:02","date_gmt":"2022-10-09T07:13:02","guid":{"rendered":"https:\/\/new.orensparfums.com\/?page_id=6834"},"modified":"2025-04-08T12:39:55","modified_gmt":"2025-04-08T12:39:55","slug":"home-collection","status":"publish","type":"page","link":"https:\/\/new.orensparfums.com\/fr\/home-collection\/","title":{"rendered":"Maison"},"content":{"rendered":"<div class=\"wpb-content-wrapper\"><div data-vc-full-width=\"true\" data-vc-full-width-temp=\"true\" data-vc-full-width-init=\"false\" data-vc-stretch-content=\"true\" class=\"vc_row wpb_row vc_row-fluid bkg-img-left vc_custom_1744115991452 vc_row-has-fill vc_row-no-padding vc_row-o-content-middle vc_row-flex\"><div class=\"rs_col-sm-12 wpb_column vc_column_container vc_col-sm-6\"><div class=\"vc_column-inner\"><div class=\"wpb_wrapper\"><div class=\"vc_row wpb_row vc_inner vc_row-fluid\"><div class=\"wpb_column vc_column_container vc_col-sm-4\"><div class=\"vc_column-inner\"><div class=\"wpb_wrapper\"><\/div><\/div><\/div><div class=\"rs_col-sm-12 wpb_column vc_column_container vc_col-sm-8 vc_col-lg-8 vc_col-md-12\"><div class=\"vc_column-inner vc_custom_1458050113452\"><div class=\"wpb_wrapper\"><h2 style=\"text-align: left\" class=\"vc_custom_heading vc_do_custom_heading wpb_animate_when_almost_visible wpb_fadeInUp fadeInUp\" >Maison<\/h2><div class=\"vc_separator wpb_content_element vc_separator_align_center vc_sep_width_100 vc_sep_pos_align_center vc_separator_no_text vc_sep_color_orange wpb_content_element  wpb_content_element\" ><span class=\"vc_sep_holder vc_sep_holder_l\"><span class=\"vc_sep_line\"><\/span><\/span><span class=\"vc_sep_holder vc_sep_holder_r\"><span class=\"vc_sep_line\"><\/span><\/span>\n<\/div>\n\t<div class=\"wpb_text_column wpb_content_element wpb_animate_when_almost_visible wpb_fadeInLeft fadeInLeft vc_custom_1665298821661\" >\n\t\t<div class=\"wpb_wrapper\">\n\t\t\t<p style=\"font-weight: 400;\">D\u00e9couvrez La Collection Maison d\u2019Orens qui transformera votre univers olfactif \u00e0 la maison.<\/p>\n<p style=\"font-weight: 400;\">Nos bougies et photophores parfum\u00e9s fabriqu\u00e9s \u00e0 la main ainsi que nos diffuseurs et vaporisateurs pour la maison contiennent non seulement des parfums parfaits, mais sont chacun un ajout unique \u00e0 votre espace, am\u00e9liorant l\u2019ambiance et parfumant votre demeure.<\/p>\n\n\t\t<\/div>\n\t<\/div>\n<\/div><\/div><\/div><\/div><\/div><\/div><\/div><div class=\"rs_col-sm-12 wpb_animate_when_almost_visible wpb_fadeInRight fadeInRight wpb_column vc_column_container vc_col-sm-6\"><div class=\"vc_column-inner vc_custom_1542367729489\"><div class=\"wpb_wrapper\">\n\t<div  class=\"wpb_single_image wpb_content_element vc_align_left wpb_content_element\">\n\t\t\n\t\t<figure class=\"wpb_wrapper vc_figure\">\n\t\t\t<div class=\"vc_single_image-wrapper   vc_box_border_grey\"><img decoding=\"async\" width=\"1280\" height=\"600\" src=\"https:\/\/new.orensparfums.com\/wp-content\/uploads\/2022\/07\/Orens-Home-P1132749.png\" class=\"vc_single_image-img attachment-full\" alt=\"\" title=\"Orens Home P1132749\" srcset=\"https:\/\/new.orensparfums.com\/wp-content\/uploads\/2022\/07\/Orens-Home-P1132749.png 1280w, https:\/\/new.orensparfums.com\/wp-content\/uploads\/2022\/07\/Orens-Home-P1132749-600x281.png 600w, https:\/\/new.orensparfums.com\/wp-content\/uploads\/2022\/07\/Orens-Home-P1132749-1024x480.png 1024w, https:\/\/new.orensparfums.com\/wp-content\/uploads\/2022\/07\/Orens-Home-P1132749-768x360.png 768w, https:\/\/new.orensparfums.com\/wp-content\/uploads\/2022\/07\/Orens-Home-P1132749-800x375.png 800w\" sizes=\"(max-width: 1280px) 100vw, 1280px\" \/><\/div>\n\t\t<\/figure>\n\t<\/div>\n<\/div><\/div><\/div><\/div><div class=\"vc_row-full-width vc_clearfix\"><\/div><div class=\"vc_row wpb_row vc_row-fluid\"><div class=\"wpb_column vc_column_container vc_col-sm-12\"><div class=\"vc_column-inner\"><div class=\"wpb_wrapper\"><\/div><\/div><\/div><\/div><div data-vc-full-width=\"true\" data-vc-full-width-temp=\"true\" data-vc-full-width-init=\"false\" class=\"vc_row wpb_row vc_row-fluid vcr_float_right vc_custom_1664697740676 vc_row-has-fill\"><div class=\"dt-sc-model-container wpb_column vc_column_container vc_col-sm-12\"><div class=\"vc_column-inner\"><div class=\"wpb_wrapper\"><div class=\"vc_row wpb_row vc_inner vc_row-fluid\"><div class=\"wpb_column vc_column_container vc_col-sm-4\"><div class=\"vc_column-inner\"><div class=\"wpb_wrapper\"><\/div><\/div><\/div><div class=\"wpb_column vc_column_container vc_col-sm-8\"><div class=\"vc_column-inner\"><div class=\"wpb_wrapper\"><h4 style=\"text-align: left\" class=\"vc_custom_heading vc_do_custom_heading wpb_animate_when_almost_visible wpb_fadeInRight fadeInRight\" >La Collection<\/h4><div class=\"vc_separator wpb_content_element vc_separator_align_center vc_sep_width_100 vc_sep_pos_align_center vc_separator_no_text vc_sep_color_orange wpb_content_element  wpb_content_element\" ><span class=\"vc_sep_holder vc_sep_holder_l\"><span class=\"vc_sep_line\"><\/span><\/span><span class=\"vc_sep_holder vc_sep_holder_r\"><span class=\"vc_sep_line\"><\/span><\/span>\n<\/div><\/div><\/div><\/div><\/div><\/div><\/div><\/div><\/div><div class=\"vc_row-full-width vc_clearfix\"><\/div><div class=\"vc_row wpb_row vc_row-fluid\"><div class=\"wpb_column vc_column_container vc_col-sm-12\"><div class=\"vc_column-inner\"><div class=\"wpb_wrapper\"><div class=\"ult-ih-container ult-adjust-bottom-margin\" >\t<ul class=\"ult-ih-list\"  data-shape=\"square\"  data-width=\"300\"  data-height=\"300\"  style=\"text-align:center; \"><li id=\"ult-ih-list-item-1517\" class=\"ult-ih-list-item\" style=\"height: 300px; width: 300px;  margin: 15px\"><a class=\"ult-ih-link\" href=\"https:\/\/new.orensparfums.com\/candles\/\"  ><div style=\"height: 300px; width: 300px; \" class=\"ult-ih-item ult-ih-effect13  ult-ih-bottom_to_top\"><div class=\"ult-ih-image-block\" style=\"height: 300px; width: 300px; \">\t<div class=\"ult-ih-wrapper\" style=\"\"><\/div>\t<img decoding=\"async\" class=\"ult-ih-image\" src=\"https:\/\/new.orensparfums.com\/wp-content\/uploads\/2022\/06\/Silenda-dEcume-Candles-200g-scaled.jpg\" alt=\"null\"><\/div><div class=\"ult-ih-info\" style=\"background-color: rgba(166,124,67,0.6); \">\t<div class=\"ult-ih-info-back\">\t<div class=\"ult-ih-content\">\t\t\t<div class=\"ult-ih-heading-block\" style=\"\">\t\t\t\t<h2 class=\"ult-ih-heading ult-responsive\" style=\"font-weight:bold;color:#ffffff;\"  data-ultimate-target='#ult-ih-list-item-1517 .ult-ih-heading'  data-responsive-json-new='{\"font-size\":\"desktop:22px;\",\"line-height\":\"desktop:28px;\"}' >Bougies<\/h2>\t\t\t<\/div>\t\t\t<div class=\"ult-ih-divider-block\" style=\"height:1px;\">\t\t\t\t<span class=\"ult-ih-line\" style=\"border-style:none;border-color:rgba(255,255,255,0.75);width:100px;border-width:1px;\"><\/span>\t\t\t<\/div>\t\t\t<div class=\"ult-ih-description-block\" style=\"\">\t\t\t\t<div class=\"ult-ih-description ult-responsive\" style=\"color:#bbbbbb;\"  data-ultimate-target='#ult-ih-list-item-1517 .ult-ih-description, #ult-ih-list-item-1517 .ult-ih-description p'  data-responsive-json-new='{\"font-size\":\"desktop:12px;\",\"line-height\":\"desktop:18px;\"}' >\t\t\t\t<\/div>\t\t\t<\/div>\t<\/div>\t<\/div><\/div><\/div><\/a><\/li><li id=\"ult-ih-list-item-3951\" class=\"ult-ih-list-item\" style=\"height: 300px; width: 300px;  margin: 15px\"><a class=\"ult-ih-link\" href=\"\/home-sprays\/\"  ><div style=\"height: 300px; width: 300px; \" class=\"ult-ih-item ult-ih-effect13  ult-ih-bottom_to_top\"><div class=\"ult-ih-image-block\" style=\"height: 300px; width: 300px; \">\t<div class=\"ult-ih-wrapper\" style=\"\"><\/div>\t<img decoding=\"async\" class=\"ult-ih-image\" src=\"https:\/\/new.orensparfums.com\/wp-content\/uploads\/2022\/06\/Flacon-Silenda-d-Ecume-Recharge-et-Etui.jpg\" alt=\"null\"><\/div><div class=\"ult-ih-info\" style=\"background-color: rgba(166,124,67,0.6); \">\t<div class=\"ult-ih-info-back\">\t<div class=\"ult-ih-content\">\t\t\t<div class=\"ult-ih-heading-block\" style=\"\">\t\t\t\t<h2 class=\"ult-ih-heading ult-responsive\" style=\"font-weight:bold;color:#ffffff;\"  data-ultimate-target='#ult-ih-list-item-3951 .ult-ih-heading'  data-responsive-json-new='{\"font-size\":\"desktop:22px;\",\"line-height\":\"desktop:28px;\"}' >Parfums d\u2019Int\u00e9rieur<\/h2>\t\t\t<\/div>\t\t\t<div class=\"ult-ih-divider-block\" style=\"height:1px;\">\t\t\t\t<span class=\"ult-ih-line\" style=\"border-style:none;border-color:rgba(255,255,255,0.75);width:100px;border-width:1px;\"><\/span>\t\t\t<\/div>\t\t\t<div class=\"ult-ih-description-block\" style=\"\">\t\t\t\t<div class=\"ult-ih-description ult-responsive\" style=\"color:#bbbbbb;\"  data-ultimate-target='#ult-ih-list-item-3951 .ult-ih-description, #ult-ih-list-item-3951 .ult-ih-description p'  data-responsive-json-new='{\"font-size\":\"desktop:12px;\",\"line-height\":\"desktop:18px;\"}' >\t\t\t\t<\/div>\t\t\t<\/div>\t<\/div>\t<\/div><\/div><\/div><\/a><\/li><li id=\"ult-ih-list-item-2562\" class=\"ult-ih-list-item\" style=\"height: 300px; width: 300px;  margin: 15px\"><a class=\"ult-ih-link\" href=\"https:\/\/new.orensparfums.com\/photophores\/\"  ><div style=\"height: 300px; width: 300px; \" class=\"ult-ih-item ult-ih-effect13  ult-ih-bottom_to_top\"><div class=\"ult-ih-image-block\" style=\"height: 300px; width: 300px; \">\t<div class=\"ult-ih-wrapper\" style=\"\"><\/div>\t<img decoding=\"async\" class=\"ult-ih-image\" src=\"https:\/\/new.orensparfums.com\/wp-content\/uploads\/2022\/06\/Photophores-Lit-Kadou.jpg\" alt=\"null\"><\/div><div class=\"ult-ih-info\" style=\"background-color: rgba(166,124,67,0.6); \">\t<div class=\"ult-ih-info-back\">\t<div class=\"ult-ih-content\">\t\t\t<div class=\"ult-ih-heading-block\" style=\"\">\t\t\t\t<h2 class=\"ult-ih-heading ult-responsive\" style=\"font-weight:bold;color:#ffffff;\"  data-ultimate-target='#ult-ih-list-item-2562 .ult-ih-heading'  data-responsive-json-new='{\"font-size\":\"desktop:22px;\",\"line-height\":\"desktop:28px;\"}' >Photophores<\/h2>\t\t\t<\/div>\t\t\t<div class=\"ult-ih-divider-block\" style=\"height:1px;\">\t\t\t\t<span class=\"ult-ih-line\" style=\"border-style:none;border-color:rgba(255,255,255,0.75);width:100px;border-width:1px;\"><\/span>\t\t\t<\/div>\t\t\t<div class=\"ult-ih-description-block\" style=\"\">\t\t\t\t<div class=\"ult-ih-description ult-responsive\" style=\"color:#bbbbbb;\"  data-ultimate-target='#ult-ih-list-item-2562 .ult-ih-description, #ult-ih-list-item-2562 .ult-ih-description p'  data-responsive-json-new='{\"font-size\":\"desktop:12px;\",\"line-height\":\"desktop:18px;\"}' >\t\t\t\t<\/div>\t\t\t<\/div>\t<\/div>\t<\/div><\/div><\/div><\/a><\/li><li id=\"ult-ih-list-item-1985\" class=\"ult-ih-list-item\" style=\"height: 300px; width: 300px;  margin: 15px\"><a class=\"ult-ih-link\" href=\"https:\/\/new.orensparfums.com\/reed-diffusers\/\"  ><div style=\"height: 300px; width: 300px; \" class=\"ult-ih-item ult-ih-effect13  ult-ih-bottom_to_top\"><div class=\"ult-ih-image-block\" style=\"height: 300px; width: 300px; \">\t<div class=\"ult-ih-wrapper\" style=\"\"><\/div>\t<img decoding=\"async\" class=\"ult-ih-image\" src=\"https:\/\/new.orensparfums.com\/wp-content\/uploads\/2023\/04\/P1132749-Square.jpg\" alt=\"null\"><\/div><div class=\"ult-ih-info\" style=\"background-color: rgba(166,124,67,0.6); \">\t<div class=\"ult-ih-info-back\">\t<div class=\"ult-ih-content\">\t\t\t<div class=\"ult-ih-heading-block\" style=\"\">\t\t\t\t<h2 class=\"ult-ih-heading ult-responsive\" style=\"font-weight:bold;color:#ffffff;\"  data-ultimate-target='#ult-ih-list-item-1985 .ult-ih-heading'  data-responsive-json-new='{\"font-size\":\"desktop:22px;\",\"line-height\":\"desktop:28px;\"}' >Diffuseurs d\u2019Ambiance<\/h2>\t\t\t<\/div>\t\t\t<div class=\"ult-ih-divider-block\" style=\"height:1px;\">\t\t\t\t<span class=\"ult-ih-line\" style=\"border-style:none;border-color:rgba(255,255,255,0.75);width:100px;border-width:1px;\"><\/span>\t\t\t<\/div>\t\t\t<div class=\"ult-ih-description-block\" style=\"\">\t\t\t\t<div class=\"ult-ih-description ult-responsive\" style=\"color:#bbbbbb;\"  data-ultimate-target='#ult-ih-list-item-1985 .ult-ih-description, #ult-ih-list-item-1985 .ult-ih-description p'  data-responsive-json-new='{\"font-size\":\"desktop:12px;\",\"line-height\":\"desktop:18px;\"}' >\t\t\t\t<\/div>\t\t\t<\/div>\t<\/div>\t<\/div><\/div><\/div><\/a><\/li>\t<\/ul><\/div><\/div><\/div><\/div><\/div><div class=\"vc_row wpb_row vc_row-fluid\"><div class=\"wpb_column vc_column_container vc_col-sm-12\"><div class=\"vc_column-inner\"><div class=\"wpb_wrapper\"><div class=\"vc_empty_space\"   style=\"height: 50px\"><span class=\"vc_empty_space_inner\"><\/span><\/div><\/div><\/div><\/div><\/div>\n<\/div>","protected":false},"excerpt":{"rendered":"Home Collection Discover Orens Home Collection that will transform your olfactory universe at home. Our hand-crafted scented candles and photophores [...]","protected":false},"author":1,"featured_media":0,"parent":0,"menu_order":0,"comment_status":"closed","ping_status":"closed","template":"","meta":{"site-sidebar-layout":"no-sidebar","site-content-layout":"plain-container","ast-site-content-layout":"default","site-content-style":"default","site-sidebar-style":"default","ast-global-header-display":"","ast-banner-title-visibility":"","ast-main-header-display":"","ast-hfb-above-header-display":"","ast-hfb-below-header-display":"","ast-hfb-mobile-header-display":"","site-post-title":"disabled","ast-breadcrumbs-content":"","ast-featured-img":"disabled","footer-sml-layout":"","ast-disable-related-posts":"","theme-transparent-header-meta":"","adv-header-id-meta":"","stick-header-meta":"","header-above-stick-meta":"","header-main-stick-meta":"","header-below-stick-meta":"","astra-migrate-meta-layouts":"default","ast-page-background-enabled":"default","ast-page-background-meta":{"desktop":{"background-color":"var(--ast-global-color-5)","background-image":"","background-repeat":"repeat","background-position":"center center","background-size":"auto","background-attachment":"scroll","background-type":"","background-media":"","overlay-type":"","overlay-color":"","overlay-opacity":"","overlay-gradient":""},"tablet":{"background-color":"","background-image":"","background-repeat":"repeat","background-position":"center center","background-size":"auto","background-attachment":"scroll","background-type":"","background-media":"","overlay-type":"","overlay-color":"","overlay-opacity":"","overlay-gradient":""},"mobile":{"background-color":"","background-image":"","background-repeat":"repeat","background-position":"center center","background-size":"auto","background-attachment":"scroll","background-type":"","background-media":"","overlay-type":"","overlay-color":"","overlay-opacity":"","overlay-gradient":""}},"ast-content-background-meta":{"desktop":{"background-color":"var(--ast-global-color-4)","background-image":"","background-repeat":"repeat","background-position":"center center","background-size":"auto","background-attachment":"scroll","background-type":"","background-media":"","overlay-type":"","overlay-color":"","overlay-opacity":"","overlay-gradient":""},"tablet":{"background-color":"var(--ast-global-color-4)","background-image":"","background-repeat":"repeat","background-position":"center center","background-size":"auto","background-attachment":"scroll","background-type":"","background-media":"","overlay-type":"","overlay-color":"","overlay-opacity":"","overlay-gradient":""},"mobile":{"background-color":"var(--ast-global-color-4)","background-image":"","background-repeat":"repeat","background-position":"center center","background-size":"auto","background-attachment":"scroll","background-type":"","background-media":"","overlay-type":"","overlay-color":"","overlay-opacity":"","overlay-gradient":""}},"footnotes":""},"class_list":["post-6834","page","type-page","status-publish","hentry"],"_links":{"self":[{"href":"https:\/\/new.orensparfums.com\/fr\/wp-json\/wp\/v2\/pages\/6834","targetHints":{"allow":["GET"]}}],"collection":[{"href":"https:\/\/new.orensparfums.com\/fr\/wp-json\/wp\/v2\/pages"}],"about":[{"href":"https:\/\/new.orensparfums.com\/fr\/wp-json\/wp\/v2\/types\/page"}],"author":[{"embeddable":true,"href":"https:\/\/new.orensparfums.com\/fr\/wp-json\/wp\/v2\/users\/1"}],"replies":[{"embeddable":true,"href":"https:\/\/new.orensparfums.com\/fr\/wp-json\/wp\/v2\/comments?post=6834"}],"version-history":[{"count":14,"href":"https:\/\/new.orensparfums.com\/fr\/wp-json\/wp\/v2\/pages\/6834\/revisions"}],"predecessor-version":[{"id":7185,"href":"https:\/\/new.orensparfums.com\/fr\/wp-json\/wp\/v2\/pages\/6834\/revisions\/7185"}],"wp:attachment":[{"href":"https:\/\/new.orensparfums.com\/fr\/wp-json\/wp\/v2\/media?parent=6834"}],"curies":[{"name":"wp","href":"https:\/\/api.w.org\/{rel}","templated":true}]}}